{"id":54,"date":"2025-06-20T15:24:46","date_gmt":"2025-06-20T13:24:46","guid":{"rendered":"http:\/\/www.ass-culturel-cugnaux.fr\/?page_id=54"},"modified":"2025-09-05T18:00:26","modified_gmt":"2025-09-05T16:00:26","slug":"bee-o","status":"publish","type":"page","link":"https:\/\/www.ass-culturel-cugnaux.fr\/index.php\/bee-o\/","title":{"rendered":"BEE.O"},"content":{"rendered":"\n<p><strong>OBJET:<\/strong> Entre nature et tradition. Developper des projets autour de la ruche et de l\u2019olive<\/p>\n\n\n\n<p><br><strong>PUBLIC CONCERN\u00c9:<\/strong> Tout public \u2022 \u00c9V\u00c9NEMENTS La r\u00e9colte des olives en novembre<\/p>\n\n\n\n<p><br><strong>INSCRIPTIONS:<\/strong> Forum des associations, puis toute l\u2019ann\u00e9e par t\u00e9l\u00e9phone ou par mail<\/p>\n\n\n\n<p><br><strong>CONTACT: <\/strong>T\u00c9L 06 61 11 14 21 (laisser un message) \u2022 MAIL <a href=\"mailto:bee.o.cugnaux@gmail.com\">bee.o.cugnaux@gmail.com<\/a><\/p>\n\n\n\n<p>Toute l\u2019actualit\u00e9 de la section Bee\u2019O <a href=\"https:\/\/beeo31.netlify.app\/\">ici<\/a>.<\/p>\n\n\n\n<p><\/p>\n","protected":false},"excerpt":{"rendered":"<p>OBJET: Entre nature et tradition. Developper des projets autour de la ruche et de l\u2019olive PUBLIC CONCERN\u00c9: Tout public \u2022 \u00c9V\u00c9NEMENTS La r\u00e9colte des olives en novembre INSCRIPTIONS: Forum des [&hellip;]<\/p>\n","protected":false},"author":1,"featured_media":0,"parent":0,"menu_order":0,"comment_status":"closed","ping_status":"closed","template":"","meta":{"footnotes":""},"class_list":["post-54","page","type-page","status-publish","hentry"],"yoast_head":"<!-- This site is optimized with the Yoast SEO plugin v26.6 - https:\/\/yoast.com\/wordpress\/plugins\/seo\/ -->\n<title>BEE.O - Association Culturelle de Cugnaux<\/title>\n<meta name=\"robots\" content=\"index, follow, max-snippet:-1, max-image-preview:large, max-video-preview:-1\" \/>\n<link rel=\"canonical\" href=\"https:\/\/www.ass-culturel-cugnaux.fr\/index.php\/bee-o\/\" \/>\n<meta property=\"og:locale\" content=\"en_US\" \/>\n<meta property=\"og:type\" content=\"article\" \/>\n<meta property=\"og:title\" content=\"BEE.O - Association Culturelle de Cugnaux\" \/>\n<meta property=\"og:description\" content=\"OBJET: Entre nature et tradition. Developper des projets autour de la ruche et de l\u2019olive PUBLIC CONCERN\u00c9: Tout public \u2022 \u00c9V\u00c9NEMENTS La r\u00e9colte des olives en novembre INSCRIPTIONS: Forum des [&hellip;]\" \/>\n<meta property=\"og:url\" content=\"https:\/\/www.ass-culturel-cugnaux.fr\/index.php\/bee-o\/\" \/>\n<meta property=\"og:site_name\" content=\"Association Culturelle de Cugnaux\" \/>\n<meta property=\"article:modified_time\" content=\"2025-09-05T16:00:26+00:00\" \/>\n<meta name=\"twitter:card\" content=\"summary_large_image\" \/>\n<meta name=\"twitter:label1\" content=\"Est. reading time\" \/>\n\t<meta name=\"twitter:data1\" content=\"1 minute\" \/>\n<script type=\"application\/ld+json\" class=\"yoast-schema-graph\">{\"@context\":\"https:\/\/schema.org\",\"@graph\":[{\"@type\":\"WebPage\",\"@id\":\"https:\/\/www.ass-culturel-cugnaux.fr\/index.php\/bee-o\/\",\"url\":\"https:\/\/www.ass-culturel-cugnaux.fr\/index.php\/bee-o\/\",\"name\":\"BEE.O - Association Culturelle de Cugnaux\",\"isPartOf\":{\"@id\":\"http:\/\/www.ass-culturel-cugnaux.fr\/#website\"},\"datePublished\":\"2025-06-20T13:24:46+00:00\",\"dateModified\":\"2025-09-05T16:00:26+00:00\",\"breadcrumb\":{\"@id\":\"https:\/\/www.ass-culturel-cugnaux.fr\/index.php\/bee-o\/#breadcrumb\"},\"inLanguage\":\"en-US\",\"potentialAction\":[{\"@type\":\"ReadAction\",\"target\":[\"https:\/\/www.ass-culturel-cugnaux.fr\/index.php\/bee-o\/\"]}]},{\"@type\":\"BreadcrumbList\",\"@id\":\"https:\/\/www.ass-culturel-cugnaux.fr\/index.php\/bee-o\/#breadcrumb\",\"itemListElement\":[{\"@type\":\"ListItem\",\"position\":1,\"name\":\"Accueil\",\"item\":\"http:\/\/www.ass-culturel-cugnaux.fr\/\"},{\"@type\":\"ListItem\",\"position\":2,\"name\":\"BEE.O\"}]},{\"@type\":\"WebSite\",\"@id\":\"http:\/\/www.ass-culturel-cugnaux.fr\/#website\",\"url\":\"http:\/\/www.ass-culturel-cugnaux.fr\/\",\"name\":\"Association Culturelle de Cugnaux\",\"description\":\"\",\"publisher\":{\"@id\":\"http:\/\/www.ass-culturel-cugnaux.fr\/#organization\"},\"potentialAction\":[{\"@type\":\"SearchAction\",\"target\":{\"@type\":\"EntryPoint\",\"urlTemplate\":\"http:\/\/www.ass-culturel-cugnaux.fr\/?s={search_term_string}\"},\"query-input\":{\"@type\":\"PropertyValueSpecification\",\"valueRequired\":true,\"valueName\":\"search_term_string\"}}],\"inLanguage\":\"en-US\"},{\"@type\":\"Organization\",\"@id\":\"http:\/\/www.ass-culturel-cugnaux.fr\/#organization\",\"name\":\"Association Culturelle de Cugnaux\",\"url\":\"http:\/\/www.ass-culturel-cugnaux.fr\/\",\"logo\":{\"@type\":\"ImageObject\",\"inLanguage\":\"en-US\",\"@id\":\"http:\/\/www.ass-culturel-cugnaux.fr\/#\/schema\/logo\/image\/\",\"url\":\"https:\/\/www.ass-culturel-cugnaux.fr\/wp-content\/uploads\/2025\/06\/cropped-logo-association-culturelle-de-cugnaux-1683563492-1.jpg\",\"contentUrl\":\"https:\/\/www.ass-culturel-cugnaux.fr\/wp-content\/uploads\/2025\/06\/cropped-logo-association-culturelle-de-cugnaux-1683563492-1.jpg\",\"width\":688,\"height\":420,\"caption\":\"Association Culturelle de Cugnaux\"},\"image\":{\"@id\":\"http:\/\/www.ass-culturel-cugnaux.fr\/#\/schema\/logo\/image\/\"}}]}<\/script>\n<!-- \/ Yoast SEO plugin. -->","yoast_head_json":{"title":"BEE.O - Association Culturelle de Cugnaux","robots":{"index":"index","follow":"follow","max-snippet":"max-snippet:-1","max-image-preview":"max-image-preview:large","max-video-preview":"max-video-preview:-1"},"canonical":"https:\/\/www.ass-culturel-cugnaux.fr\/index.php\/bee-o\/","og_locale":"en_US","og_type":"article","og_title":"BEE.O - Association Culturelle de Cugnaux","og_description":"OBJET: Entre nature et tradition. Developper des projets autour de la ruche et de l\u2019olive PUBLIC CONCERN\u00c9: Tout public \u2022 \u00c9V\u00c9NEMENTS La r\u00e9colte des olives en novembre INSCRIPTIONS: Forum des [&hellip;]","og_url":"https:\/\/www.ass-culturel-cugnaux.fr\/index.php\/bee-o\/","og_site_name":"Association Culturelle de Cugnaux","article_modified_time":"2025-09-05T16:00:26+00:00","twitter_card":"summary_large_image","twitter_misc":{"Est. reading time":"1 minute"},"schema":{"@context":"https:\/\/schema.org","@graph":[{"@type":"WebPage","@id":"https:\/\/www.ass-culturel-cugnaux.fr\/index.php\/bee-o\/","url":"https:\/\/www.ass-culturel-cugnaux.fr\/index.php\/bee-o\/","name":"BEE.O - Association Culturelle de Cugnaux","isPartOf":{"@id":"http:\/\/www.ass-culturel-cugnaux.fr\/#website"},"datePublished":"2025-06-20T13:24:46+00:00","dateModified":"2025-09-05T16:00:26+00:00","breadcrumb":{"@id":"https:\/\/www.ass-culturel-cugnaux.fr\/index.php\/bee-o\/#breadcrumb"},"inLanguage":"en-US","potentialAction":[{"@type":"ReadAction","target":["https:\/\/www.ass-culturel-cugnaux.fr\/index.php\/bee-o\/"]}]},{"@type":"BreadcrumbList","@id":"https:\/\/www.ass-culturel-cugnaux.fr\/index.php\/bee-o\/#breadcrumb","itemListElement":[{"@type":"ListItem","position":1,"name":"Accueil","item":"http:\/\/www.ass-culturel-cugnaux.fr\/"},{"@type":"ListItem","position":2,"name":"BEE.O"}]},{"@type":"WebSite","@id":"http:\/\/www.ass-culturel-cugnaux.fr\/#website","url":"http:\/\/www.ass-culturel-cugnaux.fr\/","name":"Association Culturelle de Cugnaux","description":"","publisher":{"@id":"http:\/\/www.ass-culturel-cugnaux.fr\/#organization"},"potentialAction":[{"@type":"SearchAction","target":{"@type":"EntryPoint","urlTemplate":"http:\/\/www.ass-culturel-cugnaux.fr\/?s={search_term_string}"},"query-input":{"@type":"PropertyValueSpecification","valueRequired":true,"valueName":"search_term_string"}}],"inLanguage":"en-US"},{"@type":"Organization","@id":"http:\/\/www.ass-culturel-cugnaux.fr\/#organization","name":"Association Culturelle de Cugnaux","url":"http:\/\/www.ass-culturel-cugnaux.fr\/","logo":{"@type":"ImageObject","inLanguage":"en-US","@id":"http:\/\/www.ass-culturel-cugnaux.fr\/#\/schema\/logo\/image\/","url":"https:\/\/www.ass-culturel-cugnaux.fr\/wp-content\/uploads\/2025\/06\/cropped-logo-association-culturelle-de-cugnaux-1683563492-1.jpg","contentUrl":"https:\/\/www.ass-culturel-cugnaux.fr\/wp-content\/uploads\/2025\/06\/cropped-logo-association-culturelle-de-cugnaux-1683563492-1.jpg","width":688,"height":420,"caption":"Association Culturelle de Cugnaux"},"image":{"@id":"http:\/\/www.ass-culturel-cugnaux.fr\/#\/schema\/logo\/image\/"}}]}},"_links":{"self":[{"href":"https:\/\/www.ass-culturel-cugnaux.fr\/index.php\/wp-json\/wp\/v2\/pages\/54","targetHints":{"allow":["GET"]}}],"collection":[{"href":"https:\/\/www.ass-culturel-cugnaux.fr\/index.php\/wp-json\/wp\/v2\/pages"}],"about":[{"href":"https:\/\/www.ass-culturel-cugnaux.fr\/index.php\/wp-json\/wp\/v2\/types\/page"}],"author":[{"embeddable":true,"href":"https:\/\/www.ass-culturel-cugnaux.fr\/index.php\/wp-json\/wp\/v2\/users\/1"}],"replies":[{"embeddable":true,"href":"https:\/\/www.ass-culturel-cugnaux.fr\/index.php\/wp-json\/wp\/v2\/comments?post=54"}],"version-history":[{"count":6,"href":"https:\/\/www.ass-culturel-cugnaux.fr\/index.php\/wp-json\/wp\/v2\/pages\/54\/revisions"}],"predecessor-version":[{"id":141,"href":"https:\/\/www.ass-culturel-cugnaux.fr\/index.php\/wp-json\/wp\/v2\/pages\/54\/revisions\/141"}],"wp:attachment":[{"href":"https:\/\/www.ass-culturel-cugnaux.fr\/index.php\/wp-json\/wp\/v2\/media?parent=54"}],"curies":[{"name":"wp","href":"https:\/\/api.w.org\/{rel}","templated":true}]}}