{"id":70,"date":"2025-06-20T15:45:12","date_gmt":"2025-06-20T13:45:12","guid":{"rendered":"http:\/\/www.ass-culturel-cugnaux.fr\/?page_id=70"},"modified":"2025-06-20T15:50:14","modified_gmt":"2025-06-20T13:50:14","slug":"les-touch-a-lart","status":"publish","type":"page","link":"https:\/\/www.ass-culturel-cugnaux.fr\/index.php\/les-touch-a-lart\/","title":{"rendered":"LES TOUCH&#8217; A L&#8217;ART"},"content":{"rendered":"\n<p><strong>OBJET:<\/strong> Loisirs cr\u00e9atifs, activit\u00e9s manuelles, en fonction de la demande: peinture sur soie, \u00e9maux, perles, tricot, crochet, couture main et machine<\/p>\n\n\n\n<p><strong>PUBLIC CONCERN\u00c9:<\/strong> Adolescents et adultes<\/p>\n\n\n\n<p><strong>LIEU D\u2019ACTIVIT\u00c9:<\/strong> Salle des arts du Vivier 2: lundi de 18h30 \u00e0 20h, mardi de 14h30 \u00e0 17h<\/p>\n\n\n\n<p><strong>INSCRIPTION: <\/strong>Sur place pendant les s\u00e9ances, essai gratuit<\/p>\n\n\n\n<p><strong>TARIFS Inscription annuelle: <\/strong>15\u20ac<\/p>\n\n\n\n<p><strong>CONTACT:<\/strong> Mich\u00e8le Perrin &#8211; T\u00c9L 06 70 46 69 88 <\/p>\n\n\n\n<p>MAIL <a href=\"mailto:micheleper1@hotmail.fr\">micheleper1@hotmail.fr<\/a><\/p>\n","protected":false},"excerpt":{"rendered":"<p>OBJET: Loisirs cr\u00e9atifs, activit\u00e9s manuelles, en fonction de la demande: peinture sur soie, \u00e9maux, perles, tricot, crochet, couture main et machine PUBLIC CONCERN\u00c9: Adolescents et adultes LIEU D\u2019ACTIVIT\u00c9: Salle des [&hellip;]<\/p>\n","protected":false},"author":1,"featured_media":0,"parent":0,"menu_order":0,"comment_status":"closed","ping_status":"closed","template":"","meta":{"footnotes":""},"class_list":["post-70","page","type-page","status-publish","hentry"],"yoast_head":"<!-- This site is optimized with the Yoast SEO plugin v26.6 - https:\/\/yoast.com\/wordpress\/plugins\/seo\/ -->\n<title>LES TOUCH&#039; A L&#039;ART - Association Culturelle de Cugnaux<\/title>\n<meta name=\"robots\" content=\"index, follow, max-snippet:-1, max-image-preview:large, max-video-preview:-1\" \/>\n<link rel=\"canonical\" href=\"http:\/\/www.ass-culturel-cugnaux.fr\/index.php\/les-touch-a-lart\/\" \/>\n<meta property=\"og:locale\" content=\"en_US\" \/>\n<meta property=\"og:type\" content=\"article\" \/>\n<meta property=\"og:title\" content=\"LES TOUCH&#039; A L&#039;ART - Association Culturelle de Cugnaux\" \/>\n<meta property=\"og:description\" content=\"OBJET: Loisirs cr\u00e9atifs, activit\u00e9s manuelles, en fonction de la demande: peinture sur soie, \u00e9maux, perles, tricot, crochet, couture main et machine PUBLIC CONCERN\u00c9: Adolescents et adultes LIEU D\u2019ACTIVIT\u00c9: Salle des [&hellip;]\" \/>\n<meta property=\"og:url\" content=\"http:\/\/www.ass-culturel-cugnaux.fr\/index.php\/les-touch-a-lart\/\" \/>\n<meta property=\"og:site_name\" content=\"Association Culturelle de Cugnaux\" \/>\n<meta property=\"article:modified_time\" content=\"2025-06-20T13:50:14+00:00\" \/>\n<meta name=\"twitter:card\" content=\"summary_large_image\" \/>\n<script type=\"application\/ld+json\" class=\"yoast-schema-graph\">{\"@context\":\"https:\/\/schema.org\",\"@graph\":[{\"@type\":\"WebPage\",\"@id\":\"http:\/\/www.ass-culturel-cugnaux.fr\/index.php\/les-touch-a-lart\/\",\"url\":\"http:\/\/www.ass-culturel-cugnaux.fr\/index.php\/les-touch-a-lart\/\",\"name\":\"LES TOUCH' A L'ART - Association Culturelle de Cugnaux\",\"isPartOf\":{\"@id\":\"http:\/\/www.ass-culturel-cugnaux.fr\/#website\"},\"datePublished\":\"2025-06-20T13:45:12+00:00\",\"dateModified\":\"2025-06-20T13:50:14+00:00\",\"breadcrumb\":{\"@id\":\"http:\/\/www.ass-culturel-cugnaux.fr\/index.php\/les-touch-a-lart\/#breadcrumb\"},\"inLanguage\":\"en-US\",\"potentialAction\":[{\"@type\":\"ReadAction\",\"target\":[\"http:\/\/www.ass-culturel-cugnaux.fr\/index.php\/les-touch-a-lart\/\"]}]},{\"@type\":\"BreadcrumbList\",\"@id\":\"http:\/\/www.ass-culturel-cugnaux.fr\/index.php\/les-touch-a-lart\/#breadcrumb\",\"itemListElement\":[{\"@type\":\"ListItem\",\"position\":1,\"name\":\"Accueil\",\"item\":\"http:\/\/www.ass-culturel-cugnaux.fr\/\"},{\"@type\":\"ListItem\",\"position\":2,\"name\":\"LES TOUCH&rsquo; A L&rsquo;ART\"}]},{\"@type\":\"WebSite\",\"@id\":\"http:\/\/www.ass-culturel-cugnaux.fr\/#website\",\"url\":\"http:\/\/www.ass-culturel-cugnaux.fr\/\",\"name\":\"Association Culturelle de Cugnaux\",\"description\":\"\",\"publisher\":{\"@id\":\"http:\/\/www.ass-culturel-cugnaux.fr\/#organization\"},\"potentialAction\":[{\"@type\":\"SearchAction\",\"target\":{\"@type\":\"EntryPoint\",\"urlTemplate\":\"http:\/\/www.ass-culturel-cugnaux.fr\/?s={search_term_string}\"},\"query-input\":{\"@type\":\"PropertyValueSpecification\",\"valueRequired\":true,\"valueName\":\"search_term_string\"}}],\"inLanguage\":\"en-US\"},{\"@type\":\"Organization\",\"@id\":\"http:\/\/www.ass-culturel-cugnaux.fr\/#organization\",\"name\":\"Association Culturelle de Cugnaux\",\"url\":\"http:\/\/www.ass-culturel-cugnaux.fr\/\",\"logo\":{\"@type\":\"ImageObject\",\"inLanguage\":\"en-US\",\"@id\":\"http:\/\/www.ass-culturel-cugnaux.fr\/#\/schema\/logo\/image\/\",\"url\":\"https:\/\/www.ass-culturel-cugnaux.fr\/wp-content\/uploads\/2025\/06\/cropped-logo-association-culturelle-de-cugnaux-1683563492-1.jpg\",\"contentUrl\":\"https:\/\/www.ass-culturel-cugnaux.fr\/wp-content\/uploads\/2025\/06\/cropped-logo-association-culturelle-de-cugnaux-1683563492-1.jpg\",\"width\":688,\"height\":420,\"caption\":\"Association Culturelle de Cugnaux\"},\"image\":{\"@id\":\"http:\/\/www.ass-culturel-cugnaux.fr\/#\/schema\/logo\/image\/\"}}]}<\/script>\n<!-- \/ Yoast SEO plugin. -->","yoast_head_json":{"title":"LES TOUCH' A L'ART - Association Culturelle de Cugnaux","robots":{"index":"index","follow":"follow","max-snippet":"max-snippet:-1","max-image-preview":"max-image-preview:large","max-video-preview":"max-video-preview:-1"},"canonical":"http:\/\/www.ass-culturel-cugnaux.fr\/index.php\/les-touch-a-lart\/","og_locale":"en_US","og_type":"article","og_title":"LES TOUCH' A L'ART - Association Culturelle de Cugnaux","og_description":"OBJET: Loisirs cr\u00e9atifs, activit\u00e9s manuelles, en fonction de la demande: peinture sur soie, \u00e9maux, perles, tricot, crochet, couture main et machine PUBLIC CONCERN\u00c9: Adolescents et adultes LIEU D\u2019ACTIVIT\u00c9: Salle des [&hellip;]","og_url":"http:\/\/www.ass-culturel-cugnaux.fr\/index.php\/les-touch-a-lart\/","og_site_name":"Association Culturelle de Cugnaux","article_modified_time":"2025-06-20T13:50:14+00:00","twitter_card":"summary_large_image","schema":{"@context":"https:\/\/schema.org","@graph":[{"@type":"WebPage","@id":"http:\/\/www.ass-culturel-cugnaux.fr\/index.php\/les-touch-a-lart\/","url":"http:\/\/www.ass-culturel-cugnaux.fr\/index.php\/les-touch-a-lart\/","name":"LES TOUCH' A L'ART - Association Culturelle de Cugnaux","isPartOf":{"@id":"http:\/\/www.ass-culturel-cugnaux.fr\/#website"},"datePublished":"2025-06-20T13:45:12+00:00","dateModified":"2025-06-20T13:50:14+00:00","breadcrumb":{"@id":"http:\/\/www.ass-culturel-cugnaux.fr\/index.php\/les-touch-a-lart\/#breadcrumb"},"inLanguage":"en-US","potentialAction":[{"@type":"ReadAction","target":["http:\/\/www.ass-culturel-cugnaux.fr\/index.php\/les-touch-a-lart\/"]}]},{"@type":"BreadcrumbList","@id":"http:\/\/www.ass-culturel-cugnaux.fr\/index.php\/les-touch-a-lart\/#breadcrumb","itemListElement":[{"@type":"ListItem","position":1,"name":"Accueil","item":"http:\/\/www.ass-culturel-cugnaux.fr\/"},{"@type":"ListItem","position":2,"name":"LES TOUCH&rsquo; A L&rsquo;ART"}]},{"@type":"WebSite","@id":"http:\/\/www.ass-culturel-cugnaux.fr\/#website","url":"http:\/\/www.ass-culturel-cugnaux.fr\/","name":"Association Culturelle de Cugnaux","description":"","publisher":{"@id":"http:\/\/www.ass-culturel-cugnaux.fr\/#organization"},"potentialAction":[{"@type":"SearchAction","target":{"@type":"EntryPoint","urlTemplate":"http:\/\/www.ass-culturel-cugnaux.fr\/?s={search_term_string}"},"query-input":{"@type":"PropertyValueSpecification","valueRequired":true,"valueName":"search_term_string"}}],"inLanguage":"en-US"},{"@type":"Organization","@id":"http:\/\/www.ass-culturel-cugnaux.fr\/#organization","name":"Association Culturelle de Cugnaux","url":"http:\/\/www.ass-culturel-cugnaux.fr\/","logo":{"@type":"ImageObject","inLanguage":"en-US","@id":"http:\/\/www.ass-culturel-cugnaux.fr\/#\/schema\/logo\/image\/","url":"https:\/\/www.ass-culturel-cugnaux.fr\/wp-content\/uploads\/2025\/06\/cropped-logo-association-culturelle-de-cugnaux-1683563492-1.jpg","contentUrl":"https:\/\/www.ass-culturel-cugnaux.fr\/wp-content\/uploads\/2025\/06\/cropped-logo-association-culturelle-de-cugnaux-1683563492-1.jpg","width":688,"height":420,"caption":"Association Culturelle de Cugnaux"},"image":{"@id":"http:\/\/www.ass-culturel-cugnaux.fr\/#\/schema\/logo\/image\/"}}]}},"_links":{"self":[{"href":"https:\/\/www.ass-culturel-cugnaux.fr\/index.php\/wp-json\/wp\/v2\/pages\/70","targetHints":{"allow":["GET"]}}],"collection":[{"href":"https:\/\/www.ass-culturel-cugnaux.fr\/index.php\/wp-json\/wp\/v2\/pages"}],"about":[{"href":"https:\/\/www.ass-culturel-cugnaux.fr\/index.php\/wp-json\/wp\/v2\/types\/page"}],"author":[{"embeddable":true,"href":"https:\/\/www.ass-culturel-cugnaux.fr\/index.php\/wp-json\/wp\/v2\/users\/1"}],"replies":[{"embeddable":true,"href":"https:\/\/www.ass-culturel-cugnaux.fr\/index.php\/wp-json\/wp\/v2\/comments?post=70"}],"version-history":[{"count":2,"href":"https:\/\/www.ass-culturel-cugnaux.fr\/index.php\/wp-json\/wp\/v2\/pages\/70\/revisions"}],"predecessor-version":[{"id":79,"href":"https:\/\/www.ass-culturel-cugnaux.fr\/index.php\/wp-json\/wp\/v2\/pages\/70\/revisions\/79"}],"wp:attachment":[{"href":"https:\/\/www.ass-culturel-cugnaux.fr\/index.php\/wp-json\/wp\/v2\/media?parent=70"}],"curies":[{"name":"wp","href":"https:\/\/api.w.org\/{rel}","templated":true}]}}