{"id":80,"date":"2025-06-20T15:52:37","date_gmt":"2025-06-20T13:52:37","guid":{"rendered":"http:\/\/www.ass-culturel-cugnaux.fr\/?page_id=80"},"modified":"2025-06-20T15:52:37","modified_gmt":"2025-06-20T13:52:37","slug":"modelisme","status":"publish","type":"page","link":"https:\/\/www.ass-culturel-cugnaux.fr\/index.php\/modelisme\/","title":{"rendered":"MODELISME"},"content":{"rendered":"\n<p><strong>OBJET:<\/strong> R\u00e9alisation de mod\u00e8les r\u00e9duits de bateaux, d\u2019avions, de drones, etc\u2026, navigation et mise en vol<\/p>\n\n\n\n<p><strong>PUBLIC CONCERN\u00c9:<\/strong> Tout public \u00e0 partir de 12 ans <\/p>\n\n\n\n<p><strong>\u00c9V\u00c9NEMENTS:<\/strong> 1er mai navigation sur le Lac du Vivier ; fin juin f\u00eate du club avec d\u00e9monstration a\u00e9romod\u00e9lisme<\/p>\n\n\n\n<p><br><strong>LIEU D\u2019ACTIVIT\u00c9:<\/strong> Place du Vivier, Cugnaux (\u00e0 c\u00f4t\u00e9 de la halte-garderie)<\/p>\n\n\n\n<p><strong>PERMANENCE:<\/strong> Local place du Vivier : tous les samedis de 14h \u00e0 18h en p\u00e9riode scolaire Lac du Vivier (navigation) et\/ou piste d\u2019envol : tous les jours<\/p>\n\n\n\n<p><strong>INSCRIPTION:<\/strong> \u00c0 partir de septembre<\/p>\n\n\n\n<p><br><strong>TARIFS:<\/strong> 50\u20ac pour l\u2019ann\u00e9e<\/p>\n\n\n\n<p><strong>CONTACT:<\/strong> Jean-Marc Prosper \u2022 T\u00c9L 06 82 46 72 24<br>MAIL <a href=\"mailto:jm.jmp@free.fr\">jm.jmp@free.fr<\/a> \u2022 SITE <a href=\"http:\/\/clubcugnaux.free.fr\">clubcugnaux.free.fr<\/a><\/p>\n","protected":false},"excerpt":{"rendered":"<p>OBJET: R\u00e9alisation de mod\u00e8les r\u00e9duits de bateaux, d\u2019avions, de drones, etc\u2026, navigation et mise en vol PUBLIC CONCERN\u00c9: Tout public \u00e0 partir de 12 ans \u00c9V\u00c9NEMENTS: 1er mai navigation sur [&hellip;]<\/p>\n","protected":false},"author":1,"featured_media":0,"parent":0,"menu_order":0,"comment_status":"closed","ping_status":"closed","template":"","meta":{"footnotes":""},"class_list":["post-80","page","type-page","status-publish","hentry"],"yoast_head":"<!-- This site is optimized with the Yoast SEO plugin v26.6 - https:\/\/yoast.com\/wordpress\/plugins\/seo\/ -->\n<title>MODELISME - Association Culturelle de Cugnaux<\/title>\n<meta name=\"robots\" content=\"index, follow, max-snippet:-1, max-image-preview:large, max-video-preview:-1\" \/>\n<link rel=\"canonical\" href=\"http:\/\/www.ass-culturel-cugnaux.fr\/index.php\/modelisme\/\" \/>\n<meta property=\"og:locale\" content=\"en_US\" \/>\n<meta property=\"og:type\" content=\"article\" \/>\n<meta property=\"og:title\" content=\"MODELISME - Association Culturelle de Cugnaux\" \/>\n<meta property=\"og:description\" content=\"OBJET: R\u00e9alisation de mod\u00e8les r\u00e9duits de bateaux, d\u2019avions, de drones, etc\u2026, navigation et mise en vol PUBLIC CONCERN\u00c9: Tout public \u00e0 partir de 12 ans \u00c9V\u00c9NEMENTS: 1er mai navigation sur [&hellip;]\" \/>\n<meta property=\"og:url\" content=\"http:\/\/www.ass-culturel-cugnaux.fr\/index.php\/modelisme\/\" \/>\n<meta property=\"og:site_name\" content=\"Association Culturelle de Cugnaux\" \/>\n<meta name=\"twitter:card\" content=\"summary_large_image\" \/>\n<meta name=\"twitter:label1\" content=\"Est. reading time\" \/>\n\t<meta name=\"twitter:data1\" content=\"1 minute\" \/>\n<script type=\"application\/ld+json\" class=\"yoast-schema-graph\">{\"@context\":\"https:\/\/schema.org\",\"@graph\":[{\"@type\":\"WebPage\",\"@id\":\"http:\/\/www.ass-culturel-cugnaux.fr\/index.php\/modelisme\/\",\"url\":\"http:\/\/www.ass-culturel-cugnaux.fr\/index.php\/modelisme\/\",\"name\":\"MODELISME - Association Culturelle de Cugnaux\",\"isPartOf\":{\"@id\":\"http:\/\/www.ass-culturel-cugnaux.fr\/#website\"},\"datePublished\":\"2025-06-20T13:52:37+00:00\",\"breadcrumb\":{\"@id\":\"http:\/\/www.ass-culturel-cugnaux.fr\/index.php\/modelisme\/#breadcrumb\"},\"inLanguage\":\"en-US\",\"potentialAction\":[{\"@type\":\"ReadAction\",\"target\":[\"http:\/\/www.ass-culturel-cugnaux.fr\/index.php\/modelisme\/\"]}]},{\"@type\":\"BreadcrumbList\",\"@id\":\"http:\/\/www.ass-culturel-cugnaux.fr\/index.php\/modelisme\/#breadcrumb\",\"itemListElement\":[{\"@type\":\"ListItem\",\"position\":1,\"name\":\"Accueil\",\"item\":\"http:\/\/www.ass-culturel-cugnaux.fr\/\"},{\"@type\":\"ListItem\",\"position\":2,\"name\":\"MODELISME\"}]},{\"@type\":\"WebSite\",\"@id\":\"http:\/\/www.ass-culturel-cugnaux.fr\/#website\",\"url\":\"http:\/\/www.ass-culturel-cugnaux.fr\/\",\"name\":\"Association Culturelle de Cugnaux\",\"description\":\"\",\"publisher\":{\"@id\":\"http:\/\/www.ass-culturel-cugnaux.fr\/#organization\"},\"potentialAction\":[{\"@type\":\"SearchAction\",\"target\":{\"@type\":\"EntryPoint\",\"urlTemplate\":\"http:\/\/www.ass-culturel-cugnaux.fr\/?s={search_term_string}\"},\"query-input\":{\"@type\":\"PropertyValueSpecification\",\"valueRequired\":true,\"valueName\":\"search_term_string\"}}],\"inLanguage\":\"en-US\"},{\"@type\":\"Organization\",\"@id\":\"http:\/\/www.ass-culturel-cugnaux.fr\/#organization\",\"name\":\"Association Culturelle de Cugnaux\",\"url\":\"http:\/\/www.ass-culturel-cugnaux.fr\/\",\"logo\":{\"@type\":\"ImageObject\",\"inLanguage\":\"en-US\",\"@id\":\"http:\/\/www.ass-culturel-cugnaux.fr\/#\/schema\/logo\/image\/\",\"url\":\"https:\/\/www.ass-culturel-cugnaux.fr\/wp-content\/uploads\/2025\/06\/cropped-logo-association-culturelle-de-cugnaux-1683563492-1.jpg\",\"contentUrl\":\"https:\/\/www.ass-culturel-cugnaux.fr\/wp-content\/uploads\/2025\/06\/cropped-logo-association-culturelle-de-cugnaux-1683563492-1.jpg\",\"width\":688,\"height\":420,\"caption\":\"Association Culturelle de Cugnaux\"},\"image\":{\"@id\":\"http:\/\/www.ass-culturel-cugnaux.fr\/#\/schema\/logo\/image\/\"}}]}<\/script>\n<!-- \/ Yoast SEO plugin. -->","yoast_head_json":{"title":"MODELISME - Association Culturelle de Cugnaux","robots":{"index":"index","follow":"follow","max-snippet":"max-snippet:-1","max-image-preview":"max-image-preview:large","max-video-preview":"max-video-preview:-1"},"canonical":"http:\/\/www.ass-culturel-cugnaux.fr\/index.php\/modelisme\/","og_locale":"en_US","og_type":"article","og_title":"MODELISME - Association Culturelle de Cugnaux","og_description":"OBJET: R\u00e9alisation de mod\u00e8les r\u00e9duits de bateaux, d\u2019avions, de drones, etc\u2026, navigation et mise en vol PUBLIC CONCERN\u00c9: Tout public \u00e0 partir de 12 ans \u00c9V\u00c9NEMENTS: 1er mai navigation sur [&hellip;]","og_url":"http:\/\/www.ass-culturel-cugnaux.fr\/index.php\/modelisme\/","og_site_name":"Association Culturelle de Cugnaux","twitter_card":"summary_large_image","twitter_misc":{"Est. reading time":"1 minute"},"schema":{"@context":"https:\/\/schema.org","@graph":[{"@type":"WebPage","@id":"http:\/\/www.ass-culturel-cugnaux.fr\/index.php\/modelisme\/","url":"http:\/\/www.ass-culturel-cugnaux.fr\/index.php\/modelisme\/","name":"MODELISME - Association Culturelle de Cugnaux","isPartOf":{"@id":"http:\/\/www.ass-culturel-cugnaux.fr\/#website"},"datePublished":"2025-06-20T13:52:37+00:00","breadcrumb":{"@id":"http:\/\/www.ass-culturel-cugnaux.fr\/index.php\/modelisme\/#breadcrumb"},"inLanguage":"en-US","potentialAction":[{"@type":"ReadAction","target":["http:\/\/www.ass-culturel-cugnaux.fr\/index.php\/modelisme\/"]}]},{"@type":"BreadcrumbList","@id":"http:\/\/www.ass-culturel-cugnaux.fr\/index.php\/modelisme\/#breadcrumb","itemListElement":[{"@type":"ListItem","position":1,"name":"Accueil","item":"http:\/\/www.ass-culturel-cugnaux.fr\/"},{"@type":"ListItem","position":2,"name":"MODELISME"}]},{"@type":"WebSite","@id":"http:\/\/www.ass-culturel-cugnaux.fr\/#website","url":"http:\/\/www.ass-culturel-cugnaux.fr\/","name":"Association Culturelle de Cugnaux","description":"","publisher":{"@id":"http:\/\/www.ass-culturel-cugnaux.fr\/#organization"},"potentialAction":[{"@type":"SearchAction","target":{"@type":"EntryPoint","urlTemplate":"http:\/\/www.ass-culturel-cugnaux.fr\/?s={search_term_string}"},"query-input":{"@type":"PropertyValueSpecification","valueRequired":true,"valueName":"search_term_string"}}],"inLanguage":"en-US"},{"@type":"Organization","@id":"http:\/\/www.ass-culturel-cugnaux.fr\/#organization","name":"Association Culturelle de Cugnaux","url":"http:\/\/www.ass-culturel-cugnaux.fr\/","logo":{"@type":"ImageObject","inLanguage":"en-US","@id":"http:\/\/www.ass-culturel-cugnaux.fr\/#\/schema\/logo\/image\/","url":"https:\/\/www.ass-culturel-cugnaux.fr\/wp-content\/uploads\/2025\/06\/cropped-logo-association-culturelle-de-cugnaux-1683563492-1.jpg","contentUrl":"https:\/\/www.ass-culturel-cugnaux.fr\/wp-content\/uploads\/2025\/06\/cropped-logo-association-culturelle-de-cugnaux-1683563492-1.jpg","width":688,"height":420,"caption":"Association Culturelle de Cugnaux"},"image":{"@id":"http:\/\/www.ass-culturel-cugnaux.fr\/#\/schema\/logo\/image\/"}}]}},"_links":{"self":[{"href":"https:\/\/www.ass-culturel-cugnaux.fr\/index.php\/wp-json\/wp\/v2\/pages\/80","targetHints":{"allow":["GET"]}}],"collection":[{"href":"https:\/\/www.ass-culturel-cugnaux.fr\/index.php\/wp-json\/wp\/v2\/pages"}],"about":[{"href":"https:\/\/www.ass-culturel-cugnaux.fr\/index.php\/wp-json\/wp\/v2\/types\/page"}],"author":[{"embeddable":true,"href":"https:\/\/www.ass-culturel-cugnaux.fr\/index.php\/wp-json\/wp\/v2\/users\/1"}],"replies":[{"embeddable":true,"href":"https:\/\/www.ass-culturel-cugnaux.fr\/index.php\/wp-json\/wp\/v2\/comments?post=80"}],"version-history":[{"count":1,"href":"https:\/\/www.ass-culturel-cugnaux.fr\/index.php\/wp-json\/wp\/v2\/pages\/80\/revisions"}],"predecessor-version":[{"id":81,"href":"https:\/\/www.ass-culturel-cugnaux.fr\/index.php\/wp-json\/wp\/v2\/pages\/80\/revisions\/81"}],"wp:attachment":[{"href":"https:\/\/www.ass-culturel-cugnaux.fr\/index.php\/wp-json\/wp\/v2\/media?parent=80"}],"curies":[{"name":"wp","href":"https:\/\/api.w.org\/{rel}","templated":true}]}}