{"id":82,"date":"2025-06-20T15:54:15","date_gmt":"2025-06-20T13:54:15","guid":{"rendered":"http:\/\/www.ass-culturel-cugnaux.fr\/?page_id=82"},"modified":"2025-06-20T15:54:15","modified_gmt":"2025-06-20T13:54:15","slug":"photo-les-photosensibles","status":"publish","type":"page","link":"https:\/\/www.ass-culturel-cugnaux.fr\/index.php\/photo-les-photosensibles\/","title":{"rendered":"PHOTO LES PHOTOSENSIBLES"},"content":{"rendered":"\n<p><strong>OBJET:<\/strong> Prise de vue, savoir des r\u00e8gles de la composition. Un t\u00e9l\u00e9phone portable suffit pour faire des photos parlantes. L\u2019outil c&#8217;est l\u2019oeil : le regard est un sens pointu pour l\u2019esth\u00e9tique et le langage visuel. Apprendre une narration en images en \u00e9tudiant l\u2019histoire de la photographie de vieux ma\u00eetres jusqu\u2019au courant actuel<\/p>\n\n\n\n<p><strong>PUBLIC CONCERN\u00c9:<\/strong> Tout public<\/p>\n\n\n\n<p><br><strong>LIEU D\u2019ACTIVIT\u00c9: <\/strong>Salle Jean-Louis-Berlier 1 lundi par mois de 15h \u00e017h <\/p>\n\n\n\n<p><strong>INSCRIPTION:<\/strong> Au Forum des associations &#8211; par t\u00e9l\u00e9phone &#8211; par mail<\/p>\n\n\n\n<p><br><strong>TARIFS:<\/strong> 50\u20ac\/an (10 ateliers de 2 heures)<\/p>\n\n\n\n<p><strong>CONTACT:<\/strong> Marion WIDUA<br>T\u00c9L 06 14 73 5978 \u2022 MAIL <a href=\"mailto:marion@widua.de\">marion@widua.de<\/a><\/p>\n","protected":false},"excerpt":{"rendered":"<p>OBJET: Prise de vue, savoir des r\u00e8gles de la composition. Un t\u00e9l\u00e9phone portable suffit pour faire des photos parlantes. L\u2019outil c&#8217;est l\u2019oeil : le regard est un sens pointu pour [&hellip;]<\/p>\n","protected":false},"author":1,"featured_media":0,"parent":0,"menu_order":0,"comment_status":"closed","ping_status":"closed","template":"","meta":{"footnotes":""},"class_list":["post-82","page","type-page","status-publish","hentry"],"yoast_head":"<!-- This site is optimized with the Yoast SEO plugin v26.6 - https:\/\/yoast.com\/wordpress\/plugins\/seo\/ -->\n<title>PHOTO LES PHOTOSENSIBLES - Association Culturelle de Cugnaux<\/title>\n<meta name=\"robots\" content=\"index, follow, max-snippet:-1, max-image-preview:large, max-video-preview:-1\" \/>\n<link rel=\"canonical\" href=\"https:\/\/www.ass-culturel-cugnaux.fr\/index.php\/photo-les-photosensibles\/\" \/>\n<meta property=\"og:locale\" content=\"en_US\" \/>\n<meta property=\"og:type\" content=\"article\" \/>\n<meta property=\"og:title\" content=\"PHOTO LES PHOTOSENSIBLES - Association Culturelle de Cugnaux\" \/>\n<meta property=\"og:description\" content=\"OBJET: Prise de vue, savoir des r\u00e8gles de la composition. Un t\u00e9l\u00e9phone portable suffit pour faire des photos parlantes. L\u2019outil c&#8217;est l\u2019oeil : le regard est un sens pointu pour [&hellip;]\" \/>\n<meta property=\"og:url\" content=\"https:\/\/www.ass-culturel-cugnaux.fr\/index.php\/photo-les-photosensibles\/\" \/>\n<meta property=\"og:site_name\" content=\"Association Culturelle de Cugnaux\" \/>\n<meta name=\"twitter:card\" content=\"summary_large_image\" \/>\n<meta name=\"twitter:label1\" content=\"Est. reading time\" \/>\n\t<meta name=\"twitter:data1\" content=\"1 minute\" \/>\n<script type=\"application\/ld+json\" class=\"yoast-schema-graph\">{\"@context\":\"https:\/\/schema.org\",\"@graph\":[{\"@type\":\"WebPage\",\"@id\":\"https:\/\/www.ass-culturel-cugnaux.fr\/index.php\/photo-les-photosensibles\/\",\"url\":\"https:\/\/www.ass-culturel-cugnaux.fr\/index.php\/photo-les-photosensibles\/\",\"name\":\"PHOTO LES PHOTOSENSIBLES - Association Culturelle de Cugnaux\",\"isPartOf\":{\"@id\":\"http:\/\/www.ass-culturel-cugnaux.fr\/#website\"},\"datePublished\":\"2025-06-20T13:54:15+00:00\",\"breadcrumb\":{\"@id\":\"https:\/\/www.ass-culturel-cugnaux.fr\/index.php\/photo-les-photosensibles\/#breadcrumb\"},\"inLanguage\":\"en-US\",\"potentialAction\":[{\"@type\":\"ReadAction\",\"target\":[\"https:\/\/www.ass-culturel-cugnaux.fr\/index.php\/photo-les-photosensibles\/\"]}]},{\"@type\":\"BreadcrumbList\",\"@id\":\"https:\/\/www.ass-culturel-cugnaux.fr\/index.php\/photo-les-photosensibles\/#breadcrumb\",\"itemListElement\":[{\"@type\":\"ListItem\",\"position\":1,\"name\":\"Accueil\",\"item\":\"http:\/\/www.ass-culturel-cugnaux.fr\/\"},{\"@type\":\"ListItem\",\"position\":2,\"name\":\"PHOTO LES PHOTOSENSIBLES\"}]},{\"@type\":\"WebSite\",\"@id\":\"http:\/\/www.ass-culturel-cugnaux.fr\/#website\",\"url\":\"http:\/\/www.ass-culturel-cugnaux.fr\/\",\"name\":\"Association Culturelle de Cugnaux\",\"description\":\"\",\"publisher\":{\"@id\":\"http:\/\/www.ass-culturel-cugnaux.fr\/#organization\"},\"potentialAction\":[{\"@type\":\"SearchAction\",\"target\":{\"@type\":\"EntryPoint\",\"urlTemplate\":\"http:\/\/www.ass-culturel-cugnaux.fr\/?s={search_term_string}\"},\"query-input\":{\"@type\":\"PropertyValueSpecification\",\"valueRequired\":true,\"valueName\":\"search_term_string\"}}],\"inLanguage\":\"en-US\"},{\"@type\":\"Organization\",\"@id\":\"http:\/\/www.ass-culturel-cugnaux.fr\/#organization\",\"name\":\"Association Culturelle de Cugnaux\",\"url\":\"http:\/\/www.ass-culturel-cugnaux.fr\/\",\"logo\":{\"@type\":\"ImageObject\",\"inLanguage\":\"en-US\",\"@id\":\"http:\/\/www.ass-culturel-cugnaux.fr\/#\/schema\/logo\/image\/\",\"url\":\"https:\/\/www.ass-culturel-cugnaux.fr\/wp-content\/uploads\/2025\/06\/cropped-logo-association-culturelle-de-cugnaux-1683563492-1.jpg\",\"contentUrl\":\"https:\/\/www.ass-culturel-cugnaux.fr\/wp-content\/uploads\/2025\/06\/cropped-logo-association-culturelle-de-cugnaux-1683563492-1.jpg\",\"width\":688,\"height\":420,\"caption\":\"Association Culturelle de Cugnaux\"},\"image\":{\"@id\":\"http:\/\/www.ass-culturel-cugnaux.fr\/#\/schema\/logo\/image\/\"}}]}<\/script>\n<!-- \/ Yoast SEO plugin. -->","yoast_head_json":{"title":"PHOTO LES PHOTOSENSIBLES - Association Culturelle de Cugnaux","robots":{"index":"index","follow":"follow","max-snippet":"max-snippet:-1","max-image-preview":"max-image-preview:large","max-video-preview":"max-video-preview:-1"},"canonical":"https:\/\/www.ass-culturel-cugnaux.fr\/index.php\/photo-les-photosensibles\/","og_locale":"en_US","og_type":"article","og_title":"PHOTO LES PHOTOSENSIBLES - Association Culturelle de Cugnaux","og_description":"OBJET: Prise de vue, savoir des r\u00e8gles de la composition. Un t\u00e9l\u00e9phone portable suffit pour faire des photos parlantes. L\u2019outil c&#8217;est l\u2019oeil : le regard est un sens pointu pour [&hellip;]","og_url":"https:\/\/www.ass-culturel-cugnaux.fr\/index.php\/photo-les-photosensibles\/","og_site_name":"Association Culturelle de Cugnaux","twitter_card":"summary_large_image","twitter_misc":{"Est. reading time":"1 minute"},"schema":{"@context":"https:\/\/schema.org","@graph":[{"@type":"WebPage","@id":"https:\/\/www.ass-culturel-cugnaux.fr\/index.php\/photo-les-photosensibles\/","url":"https:\/\/www.ass-culturel-cugnaux.fr\/index.php\/photo-les-photosensibles\/","name":"PHOTO LES PHOTOSENSIBLES - Association Culturelle de Cugnaux","isPartOf":{"@id":"http:\/\/www.ass-culturel-cugnaux.fr\/#website"},"datePublished":"2025-06-20T13:54:15+00:00","breadcrumb":{"@id":"https:\/\/www.ass-culturel-cugnaux.fr\/index.php\/photo-les-photosensibles\/#breadcrumb"},"inLanguage":"en-US","potentialAction":[{"@type":"ReadAction","target":["https:\/\/www.ass-culturel-cugnaux.fr\/index.php\/photo-les-photosensibles\/"]}]},{"@type":"BreadcrumbList","@id":"https:\/\/www.ass-culturel-cugnaux.fr\/index.php\/photo-les-photosensibles\/#breadcrumb","itemListElement":[{"@type":"ListItem","position":1,"name":"Accueil","item":"http:\/\/www.ass-culturel-cugnaux.fr\/"},{"@type":"ListItem","position":2,"name":"PHOTO LES PHOTOSENSIBLES"}]},{"@type":"WebSite","@id":"http:\/\/www.ass-culturel-cugnaux.fr\/#website","url":"http:\/\/www.ass-culturel-cugnaux.fr\/","name":"Association Culturelle de Cugnaux","description":"","publisher":{"@id":"http:\/\/www.ass-culturel-cugnaux.fr\/#organization"},"potentialAction":[{"@type":"SearchAction","target":{"@type":"EntryPoint","urlTemplate":"http:\/\/www.ass-culturel-cugnaux.fr\/?s={search_term_string}"},"query-input":{"@type":"PropertyValueSpecification","valueRequired":true,"valueName":"search_term_string"}}],"inLanguage":"en-US"},{"@type":"Organization","@id":"http:\/\/www.ass-culturel-cugnaux.fr\/#organization","name":"Association Culturelle de Cugnaux","url":"http:\/\/www.ass-culturel-cugnaux.fr\/","logo":{"@type":"ImageObject","inLanguage":"en-US","@id":"http:\/\/www.ass-culturel-cugnaux.fr\/#\/schema\/logo\/image\/","url":"https:\/\/www.ass-culturel-cugnaux.fr\/wp-content\/uploads\/2025\/06\/cropped-logo-association-culturelle-de-cugnaux-1683563492-1.jpg","contentUrl":"https:\/\/www.ass-culturel-cugnaux.fr\/wp-content\/uploads\/2025\/06\/cropped-logo-association-culturelle-de-cugnaux-1683563492-1.jpg","width":688,"height":420,"caption":"Association Culturelle de Cugnaux"},"image":{"@id":"http:\/\/www.ass-culturel-cugnaux.fr\/#\/schema\/logo\/image\/"}}]}},"_links":{"self":[{"href":"https:\/\/www.ass-culturel-cugnaux.fr\/index.php\/wp-json\/wp\/v2\/pages\/82","targetHints":{"allow":["GET"]}}],"collection":[{"href":"https:\/\/www.ass-culturel-cugnaux.fr\/index.php\/wp-json\/wp\/v2\/pages"}],"about":[{"href":"https:\/\/www.ass-culturel-cugnaux.fr\/index.php\/wp-json\/wp\/v2\/types\/page"}],"author":[{"embeddable":true,"href":"https:\/\/www.ass-culturel-cugnaux.fr\/index.php\/wp-json\/wp\/v2\/users\/1"}],"replies":[{"embeddable":true,"href":"https:\/\/www.ass-culturel-cugnaux.fr\/index.php\/wp-json\/wp\/v2\/comments?post=82"}],"version-history":[{"count":1,"href":"https:\/\/www.ass-culturel-cugnaux.fr\/index.php\/wp-json\/wp\/v2\/pages\/82\/revisions"}],"predecessor-version":[{"id":83,"href":"https:\/\/www.ass-culturel-cugnaux.fr\/index.php\/wp-json\/wp\/v2\/pages\/82\/revisions\/83"}],"wp:attachment":[{"href":"https:\/\/www.ass-culturel-cugnaux.fr\/index.php\/wp-json\/wp\/v2\/media?parent=82"}],"curies":[{"name":"wp","href":"https:\/\/api.w.org\/{rel}","templated":true}]}}