{"id":84,"date":"2025-06-20T15:56:22","date_gmt":"2025-06-20T13:56:22","guid":{"rendered":"http:\/\/www.ass-culturel-cugnaux.fr\/?page_id=84"},"modified":"2025-06-20T15:56:22","modified_gmt":"2025-06-20T13:56:22","slug":"scrabble","status":"publish","type":"page","link":"https:\/\/www.ass-culturel-cugnaux.fr\/index.php\/scrabble\/","title":{"rendered":"SCRABBLE"},"content":{"rendered":"\n<p><strong>OBJET:<\/strong> Pratique du scrabble niveau comp\u00e9tition<\/p>\n\n\n\n<p><strong>PUBLIC CONCERN\u00c9:<\/strong> Tout public \u00e0 jour de son adh\u00e9sion<\/p>\n\n\n\n<p><strong> \u00c9V\u00c9NEMENTS:<\/strong> Possibilit\u00e9 de participer aux tournois r\u00e9gionaux et\/ou nationaux (le club prend en charge une partie de la participation)<\/p>\n\n\n\n<p><strong>LIEU D\u2019ACTIVIT\u00c9:<\/strong> Salle Jean-Louis-Berlier : mercredi et vendredi de 14h \u00e0 17h30 ou 18h (toute l\u2019ann\u00e9e) 2 parties (1 partie normale et 1 partie originale). Les 1er et 3e vendredis<br>du mois : 1 partie simultan\u00e9e permanente (r\u00e9sultats envoy\u00e9s \u00e0 la f\u00e9d\u00e9ration), puis une partie entra\u00eenement originale. 4 \u00e0 5 fois par an participation aux simultan\u00e9s de France (2 parties les mercredis et vendredis qui se terminent vers 17h45) dont les r\u00e9sultats sont transmis \u00e0 la f\u00e9d\u00e9ration pour prise en compte dans le classement national<\/p>\n\n\n\n<p><br><strong>TARIFS:<\/strong> Cotisation annuelle 60\u20ac puis participation de 2 \u20ac lors des parties simultan\u00e9es<\/p>\n\n\n\n<p><br><strong>CONTACT:<\/strong> Jean Pedica &#8211; T\u00c9L 06 63 86 57 76<\/p>\n\n\n\n<p>MAIL <a href=\"mailto:jean.pedica@laposte.net\">jean.pedica@laposte.net<\/a><br>SITE <a href=\"https:\/\/association-culturelle-scrabble-club.s2.yapla.com\/fr\/\">https:\/\/association-culturelle-scrabble-club.s2.yapla.com\/fr\/<\/a><\/p>\n\n\n\n<p><\/p>\n","protected":false},"excerpt":{"rendered":"<p>OBJET: Pratique du scrabble niveau comp\u00e9tition PUBLIC CONCERN\u00c9: Tout public \u00e0 jour de son adh\u00e9sion \u00c9V\u00c9NEMENTS: Possibilit\u00e9 de participer aux tournois r\u00e9gionaux et\/ou nationaux (le club prend en charge une [&hellip;]<\/p>\n","protected":false},"author":1,"featured_media":0,"parent":0,"menu_order":0,"comment_status":"closed","ping_status":"closed","template":"","meta":{"footnotes":""},"class_list":["post-84","page","type-page","status-publish","hentry"],"yoast_head":"<!-- This site is optimized with the Yoast SEO plugin v26.6 - https:\/\/yoast.com\/wordpress\/plugins\/seo\/ -->\n<title>SCRABBLE - Association Culturelle de Cugnaux<\/title>\n<meta name=\"robots\" content=\"index, follow, max-snippet:-1, max-image-preview:large, max-video-preview:-1\" \/>\n<link rel=\"canonical\" href=\"http:\/\/www.ass-culturel-cugnaux.fr\/index.php\/scrabble\/\" \/>\n<meta property=\"og:locale\" content=\"en_US\" \/>\n<meta property=\"og:type\" content=\"article\" \/>\n<meta property=\"og:title\" content=\"SCRABBLE - Association Culturelle de Cugnaux\" \/>\n<meta property=\"og:description\" content=\"OBJET: Pratique du scrabble niveau comp\u00e9tition PUBLIC CONCERN\u00c9: Tout public \u00e0 jour de son adh\u00e9sion \u00c9V\u00c9NEMENTS: Possibilit\u00e9 de participer aux tournois r\u00e9gionaux et\/ou nationaux (le club prend en charge une [&hellip;]\" \/>\n<meta property=\"og:url\" content=\"http:\/\/www.ass-culturel-cugnaux.fr\/index.php\/scrabble\/\" \/>\n<meta property=\"og:site_name\" content=\"Association Culturelle de Cugnaux\" \/>\n<meta name=\"twitter:card\" content=\"summary_large_image\" \/>\n<meta name=\"twitter:label1\" content=\"Est. reading time\" \/>\n\t<meta name=\"twitter:data1\" content=\"1 minute\" \/>\n<script type=\"application\/ld+json\" class=\"yoast-schema-graph\">{\"@context\":\"https:\/\/schema.org\",\"@graph\":[{\"@type\":\"WebPage\",\"@id\":\"http:\/\/www.ass-culturel-cugnaux.fr\/index.php\/scrabble\/\",\"url\":\"http:\/\/www.ass-culturel-cugnaux.fr\/index.php\/scrabble\/\",\"name\":\"SCRABBLE - Association Culturelle de Cugnaux\",\"isPartOf\":{\"@id\":\"http:\/\/www.ass-culturel-cugnaux.fr\/#website\"},\"datePublished\":\"2025-06-20T13:56:22+00:00\",\"breadcrumb\":{\"@id\":\"http:\/\/www.ass-culturel-cugnaux.fr\/index.php\/scrabble\/#breadcrumb\"},\"inLanguage\":\"en-US\",\"potentialAction\":[{\"@type\":\"ReadAction\",\"target\":[\"http:\/\/www.ass-culturel-cugnaux.fr\/index.php\/scrabble\/\"]}]},{\"@type\":\"BreadcrumbList\",\"@id\":\"http:\/\/www.ass-culturel-cugnaux.fr\/index.php\/scrabble\/#breadcrumb\",\"itemListElement\":[{\"@type\":\"ListItem\",\"position\":1,\"name\":\"Accueil\",\"item\":\"http:\/\/www.ass-culturel-cugnaux.fr\/\"},{\"@type\":\"ListItem\",\"position\":2,\"name\":\"SCRABBLE\"}]},{\"@type\":\"WebSite\",\"@id\":\"http:\/\/www.ass-culturel-cugnaux.fr\/#website\",\"url\":\"http:\/\/www.ass-culturel-cugnaux.fr\/\",\"name\":\"Association Culturelle de Cugnaux\",\"description\":\"\",\"publisher\":{\"@id\":\"http:\/\/www.ass-culturel-cugnaux.fr\/#organization\"},\"potentialAction\":[{\"@type\":\"SearchAction\",\"target\":{\"@type\":\"EntryPoint\",\"urlTemplate\":\"http:\/\/www.ass-culturel-cugnaux.fr\/?s={search_term_string}\"},\"query-input\":{\"@type\":\"PropertyValueSpecification\",\"valueRequired\":true,\"valueName\":\"search_term_string\"}}],\"inLanguage\":\"en-US\"},{\"@type\":\"Organization\",\"@id\":\"http:\/\/www.ass-culturel-cugnaux.fr\/#organization\",\"name\":\"Association Culturelle de Cugnaux\",\"url\":\"http:\/\/www.ass-culturel-cugnaux.fr\/\",\"logo\":{\"@type\":\"ImageObject\",\"inLanguage\":\"en-US\",\"@id\":\"http:\/\/www.ass-culturel-cugnaux.fr\/#\/schema\/logo\/image\/\",\"url\":\"https:\/\/www.ass-culturel-cugnaux.fr\/wp-content\/uploads\/2025\/06\/cropped-logo-association-culturelle-de-cugnaux-1683563492-1.jpg\",\"contentUrl\":\"https:\/\/www.ass-culturel-cugnaux.fr\/wp-content\/uploads\/2025\/06\/cropped-logo-association-culturelle-de-cugnaux-1683563492-1.jpg\",\"width\":688,\"height\":420,\"caption\":\"Association Culturelle de Cugnaux\"},\"image\":{\"@id\":\"http:\/\/www.ass-culturel-cugnaux.fr\/#\/schema\/logo\/image\/\"}}]}<\/script>\n<!-- \/ Yoast SEO plugin. -->","yoast_head_json":{"title":"SCRABBLE - Association Culturelle de Cugnaux","robots":{"index":"index","follow":"follow","max-snippet":"max-snippet:-1","max-image-preview":"max-image-preview:large","max-video-preview":"max-video-preview:-1"},"canonical":"http:\/\/www.ass-culturel-cugnaux.fr\/index.php\/scrabble\/","og_locale":"en_US","og_type":"article","og_title":"SCRABBLE - Association Culturelle de Cugnaux","og_description":"OBJET: Pratique du scrabble niveau comp\u00e9tition PUBLIC CONCERN\u00c9: Tout public \u00e0 jour de son adh\u00e9sion \u00c9V\u00c9NEMENTS: Possibilit\u00e9 de participer aux tournois r\u00e9gionaux et\/ou nationaux (le club prend en charge une [&hellip;]","og_url":"http:\/\/www.ass-culturel-cugnaux.fr\/index.php\/scrabble\/","og_site_name":"Association Culturelle de Cugnaux","twitter_card":"summary_large_image","twitter_misc":{"Est. reading time":"1 minute"},"schema":{"@context":"https:\/\/schema.org","@graph":[{"@type":"WebPage","@id":"http:\/\/www.ass-culturel-cugnaux.fr\/index.php\/scrabble\/","url":"http:\/\/www.ass-culturel-cugnaux.fr\/index.php\/scrabble\/","name":"SCRABBLE - Association Culturelle de Cugnaux","isPartOf":{"@id":"http:\/\/www.ass-culturel-cugnaux.fr\/#website"},"datePublished":"2025-06-20T13:56:22+00:00","breadcrumb":{"@id":"http:\/\/www.ass-culturel-cugnaux.fr\/index.php\/scrabble\/#breadcrumb"},"inLanguage":"en-US","potentialAction":[{"@type":"ReadAction","target":["http:\/\/www.ass-culturel-cugnaux.fr\/index.php\/scrabble\/"]}]},{"@type":"BreadcrumbList","@id":"http:\/\/www.ass-culturel-cugnaux.fr\/index.php\/scrabble\/#breadcrumb","itemListElement":[{"@type":"ListItem","position":1,"name":"Accueil","item":"http:\/\/www.ass-culturel-cugnaux.fr\/"},{"@type":"ListItem","position":2,"name":"SCRABBLE"}]},{"@type":"WebSite","@id":"http:\/\/www.ass-culturel-cugnaux.fr\/#website","url":"http:\/\/www.ass-culturel-cugnaux.fr\/","name":"Association Culturelle de Cugnaux","description":"","publisher":{"@id":"http:\/\/www.ass-culturel-cugnaux.fr\/#organization"},"potentialAction":[{"@type":"SearchAction","target":{"@type":"EntryPoint","urlTemplate":"http:\/\/www.ass-culturel-cugnaux.fr\/?s={search_term_string}"},"query-input":{"@type":"PropertyValueSpecification","valueRequired":true,"valueName":"search_term_string"}}],"inLanguage":"en-US"},{"@type":"Organization","@id":"http:\/\/www.ass-culturel-cugnaux.fr\/#organization","name":"Association Culturelle de Cugnaux","url":"http:\/\/www.ass-culturel-cugnaux.fr\/","logo":{"@type":"ImageObject","inLanguage":"en-US","@id":"http:\/\/www.ass-culturel-cugnaux.fr\/#\/schema\/logo\/image\/","url":"https:\/\/www.ass-culturel-cugnaux.fr\/wp-content\/uploads\/2025\/06\/cropped-logo-association-culturelle-de-cugnaux-1683563492-1.jpg","contentUrl":"https:\/\/www.ass-culturel-cugnaux.fr\/wp-content\/uploads\/2025\/06\/cropped-logo-association-culturelle-de-cugnaux-1683563492-1.jpg","width":688,"height":420,"caption":"Association Culturelle de Cugnaux"},"image":{"@id":"http:\/\/www.ass-culturel-cugnaux.fr\/#\/schema\/logo\/image\/"}}]}},"_links":{"self":[{"href":"https:\/\/www.ass-culturel-cugnaux.fr\/index.php\/wp-json\/wp\/v2\/pages\/84","targetHints":{"allow":["GET"]}}],"collection":[{"href":"https:\/\/www.ass-culturel-cugnaux.fr\/index.php\/wp-json\/wp\/v2\/pages"}],"about":[{"href":"https:\/\/www.ass-culturel-cugnaux.fr\/index.php\/wp-json\/wp\/v2\/types\/page"}],"author":[{"embeddable":true,"href":"https:\/\/www.ass-culturel-cugnaux.fr\/index.php\/wp-json\/wp\/v2\/users\/1"}],"replies":[{"embeddable":true,"href":"https:\/\/www.ass-culturel-cugnaux.fr\/index.php\/wp-json\/wp\/v2\/comments?post=84"}],"version-history":[{"count":1,"href":"https:\/\/www.ass-culturel-cugnaux.fr\/index.php\/wp-json\/wp\/v2\/pages\/84\/revisions"}],"predecessor-version":[{"id":85,"href":"https:\/\/www.ass-culturel-cugnaux.fr\/index.php\/wp-json\/wp\/v2\/pages\/84\/revisions\/85"}],"wp:attachment":[{"href":"https:\/\/www.ass-culturel-cugnaux.fr\/index.php\/wp-json\/wp\/v2\/media?parent=84"}],"curies":[{"name":"wp","href":"https:\/\/api.w.org\/{rel}","templated":true}]}}