{"id":86,"date":"2025-06-20T15:58:04","date_gmt":"2025-06-20T13:58:04","guid":{"rendered":"http:\/\/www.ass-culturel-cugnaux.fr\/?page_id=86"},"modified":"2025-06-20T15:58:04","modified_gmt":"2025-06-20T13:58:04","slug":"scrabble-detente","status":"publish","type":"page","link":"https:\/\/www.ass-culturel-cugnaux.fr\/index.php\/scrabble-detente\/","title":{"rendered":"SCRABBLE DETENTE"},"content":{"rendered":"\n<p><strong>OBJET:<\/strong> Pratique du scrabble de loisir<\/p>\n\n\n\n<p><strong>PUBLIC CONCERN\u00c9:<\/strong> Adultes<\/p>\n\n\n\n<p><strong>LIEU D\u2019ACTIVIT\u00c9:<\/strong> Salle Jean-Louis-Berlier, jeudis de 14h \u00e0 17h (toute l\u2019ann\u00e9e sauf juillet et ao\u00fbt)<\/p>\n\n\n\n<p><strong>CONTACT:<\/strong> Nicole Botherel &#8211; T\u00c9L 06 21 14 93 49  <\/p>\n\n\n\n<p>Marie-Claude Rouja-Lemaistre &#8211; TEL 06 08 15 98 50<br>MAIL <a href=\"mailto:marieclaude.rouja@orange.fr\">marieclaude.rouja@orange.fr<\/a><\/p>\n","protected":false},"excerpt":{"rendered":"<p>OBJET: Pratique du scrabble de loisir PUBLIC CONCERN\u00c9: Adultes LIEU D\u2019ACTIVIT\u00c9: Salle Jean-Louis-Berlier, jeudis de 14h \u00e0 17h (toute l\u2019ann\u00e9e sauf juillet et ao\u00fbt) CONTACT: Nicole Botherel &#8211; T\u00c9L 06 [&hellip;]<\/p>\n","protected":false},"author":1,"featured_media":0,"parent":0,"menu_order":0,"comment_status":"closed","ping_status":"closed","template":"","meta":{"footnotes":""},"class_list":["post-86","page","type-page","status-publish","hentry"],"yoast_head":"<!-- This site is optimized with the Yoast SEO plugin v26.6 - https:\/\/yoast.com\/wordpress\/plugins\/seo\/ -->\n<title>SCRABBLE DETENTE - Association Culturelle de Cugnaux<\/title>\n<meta name=\"robots\" content=\"index, follow, max-snippet:-1, max-image-preview:large, max-video-preview:-1\" \/>\n<link rel=\"canonical\" href=\"http:\/\/www.ass-culturel-cugnaux.fr\/index.php\/scrabble-detente\/\" \/>\n<meta property=\"og:locale\" content=\"en_US\" \/>\n<meta property=\"og:type\" content=\"article\" \/>\n<meta property=\"og:title\" content=\"SCRABBLE DETENTE - Association Culturelle de Cugnaux\" \/>\n<meta property=\"og:description\" content=\"OBJET: Pratique du scrabble de loisir PUBLIC CONCERN\u00c9: Adultes LIEU D\u2019ACTIVIT\u00c9: Salle Jean-Louis-Berlier, jeudis de 14h \u00e0 17h (toute l\u2019ann\u00e9e sauf juillet et ao\u00fbt) CONTACT: Nicole Botherel &#8211; T\u00c9L 06 [&hellip;]\" \/>\n<meta property=\"og:url\" content=\"http:\/\/www.ass-culturel-cugnaux.fr\/index.php\/scrabble-detente\/\" \/>\n<meta property=\"og:site_name\" content=\"Association Culturelle de Cugnaux\" \/>\n<meta name=\"twitter:card\" content=\"summary_large_image\" \/>\n<script type=\"application\/ld+json\" class=\"yoast-schema-graph\">{\"@context\":\"https:\/\/schema.org\",\"@graph\":[{\"@type\":\"WebPage\",\"@id\":\"http:\/\/www.ass-culturel-cugnaux.fr\/index.php\/scrabble-detente\/\",\"url\":\"http:\/\/www.ass-culturel-cugnaux.fr\/index.php\/scrabble-detente\/\",\"name\":\"SCRABBLE DETENTE - Association Culturelle de Cugnaux\",\"isPartOf\":{\"@id\":\"http:\/\/www.ass-culturel-cugnaux.fr\/#website\"},\"datePublished\":\"2025-06-20T13:58:04+00:00\",\"breadcrumb\":{\"@id\":\"http:\/\/www.ass-culturel-cugnaux.fr\/index.php\/scrabble-detente\/#breadcrumb\"},\"inLanguage\":\"en-US\",\"potentialAction\":[{\"@type\":\"ReadAction\",\"target\":[\"http:\/\/www.ass-culturel-cugnaux.fr\/index.php\/scrabble-detente\/\"]}]},{\"@type\":\"BreadcrumbList\",\"@id\":\"http:\/\/www.ass-culturel-cugnaux.fr\/index.php\/scrabble-detente\/#breadcrumb\",\"itemListElement\":[{\"@type\":\"ListItem\",\"position\":1,\"name\":\"Accueil\",\"item\":\"http:\/\/www.ass-culturel-cugnaux.fr\/\"},{\"@type\":\"ListItem\",\"position\":2,\"name\":\"SCRABBLE DETENTE\"}]},{\"@type\":\"WebSite\",\"@id\":\"http:\/\/www.ass-culturel-cugnaux.fr\/#website\",\"url\":\"http:\/\/www.ass-culturel-cugnaux.fr\/\",\"name\":\"Association Culturelle de Cugnaux\",\"description\":\"\",\"publisher\":{\"@id\":\"http:\/\/www.ass-culturel-cugnaux.fr\/#organization\"},\"potentialAction\":[{\"@type\":\"SearchAction\",\"target\":{\"@type\":\"EntryPoint\",\"urlTemplate\":\"http:\/\/www.ass-culturel-cugnaux.fr\/?s={search_term_string}\"},\"query-input\":{\"@type\":\"PropertyValueSpecification\",\"valueRequired\":true,\"valueName\":\"search_term_string\"}}],\"inLanguage\":\"en-US\"},{\"@type\":\"Organization\",\"@id\":\"http:\/\/www.ass-culturel-cugnaux.fr\/#organization\",\"name\":\"Association Culturelle de Cugnaux\",\"url\":\"http:\/\/www.ass-culturel-cugnaux.fr\/\",\"logo\":{\"@type\":\"ImageObject\",\"inLanguage\":\"en-US\",\"@id\":\"http:\/\/www.ass-culturel-cugnaux.fr\/#\/schema\/logo\/image\/\",\"url\":\"https:\/\/www.ass-culturel-cugnaux.fr\/wp-content\/uploads\/2025\/06\/cropped-logo-association-culturelle-de-cugnaux-1683563492-1.jpg\",\"contentUrl\":\"https:\/\/www.ass-culturel-cugnaux.fr\/wp-content\/uploads\/2025\/06\/cropped-logo-association-culturelle-de-cugnaux-1683563492-1.jpg\",\"width\":688,\"height\":420,\"caption\":\"Association Culturelle de Cugnaux\"},\"image\":{\"@id\":\"http:\/\/www.ass-culturel-cugnaux.fr\/#\/schema\/logo\/image\/\"}}]}<\/script>\n<!-- \/ Yoast SEO plugin. -->","yoast_head_json":{"title":"SCRABBLE DETENTE - Association Culturelle de Cugnaux","robots":{"index":"index","follow":"follow","max-snippet":"max-snippet:-1","max-image-preview":"max-image-preview:large","max-video-preview":"max-video-preview:-1"},"canonical":"http:\/\/www.ass-culturel-cugnaux.fr\/index.php\/scrabble-detente\/","og_locale":"en_US","og_type":"article","og_title":"SCRABBLE DETENTE - Association Culturelle de Cugnaux","og_description":"OBJET: Pratique du scrabble de loisir PUBLIC CONCERN\u00c9: Adultes LIEU D\u2019ACTIVIT\u00c9: Salle Jean-Louis-Berlier, jeudis de 14h \u00e0 17h (toute l\u2019ann\u00e9e sauf juillet et ao\u00fbt) CONTACT: Nicole Botherel &#8211; T\u00c9L 06 [&hellip;]","og_url":"http:\/\/www.ass-culturel-cugnaux.fr\/index.php\/scrabble-detente\/","og_site_name":"Association Culturelle de Cugnaux","twitter_card":"summary_large_image","schema":{"@context":"https:\/\/schema.org","@graph":[{"@type":"WebPage","@id":"http:\/\/www.ass-culturel-cugnaux.fr\/index.php\/scrabble-detente\/","url":"http:\/\/www.ass-culturel-cugnaux.fr\/index.php\/scrabble-detente\/","name":"SCRABBLE DETENTE - Association Culturelle de Cugnaux","isPartOf":{"@id":"http:\/\/www.ass-culturel-cugnaux.fr\/#website"},"datePublished":"2025-06-20T13:58:04+00:00","breadcrumb":{"@id":"http:\/\/www.ass-culturel-cugnaux.fr\/index.php\/scrabble-detente\/#breadcrumb"},"inLanguage":"en-US","potentialAction":[{"@type":"ReadAction","target":["http:\/\/www.ass-culturel-cugnaux.fr\/index.php\/scrabble-detente\/"]}]},{"@type":"BreadcrumbList","@id":"http:\/\/www.ass-culturel-cugnaux.fr\/index.php\/scrabble-detente\/#breadcrumb","itemListElement":[{"@type":"ListItem","position":1,"name":"Accueil","item":"http:\/\/www.ass-culturel-cugnaux.fr\/"},{"@type":"ListItem","position":2,"name":"SCRABBLE DETENTE"}]},{"@type":"WebSite","@id":"http:\/\/www.ass-culturel-cugnaux.fr\/#website","url":"http:\/\/www.ass-culturel-cugnaux.fr\/","name":"Association Culturelle de Cugnaux","description":"","publisher":{"@id":"http:\/\/www.ass-culturel-cugnaux.fr\/#organization"},"potentialAction":[{"@type":"SearchAction","target":{"@type":"EntryPoint","urlTemplate":"http:\/\/www.ass-culturel-cugnaux.fr\/?s={search_term_string}"},"query-input":{"@type":"PropertyValueSpecification","valueRequired":true,"valueName":"search_term_string"}}],"inLanguage":"en-US"},{"@type":"Organization","@id":"http:\/\/www.ass-culturel-cugnaux.fr\/#organization","name":"Association Culturelle de Cugnaux","url":"http:\/\/www.ass-culturel-cugnaux.fr\/","logo":{"@type":"ImageObject","inLanguage":"en-US","@id":"http:\/\/www.ass-culturel-cugnaux.fr\/#\/schema\/logo\/image\/","url":"https:\/\/www.ass-culturel-cugnaux.fr\/wp-content\/uploads\/2025\/06\/cropped-logo-association-culturelle-de-cugnaux-1683563492-1.jpg","contentUrl":"https:\/\/www.ass-culturel-cugnaux.fr\/wp-content\/uploads\/2025\/06\/cropped-logo-association-culturelle-de-cugnaux-1683563492-1.jpg","width":688,"height":420,"caption":"Association Culturelle de Cugnaux"},"image":{"@id":"http:\/\/www.ass-culturel-cugnaux.fr\/#\/schema\/logo\/image\/"}}]}},"_links":{"self":[{"href":"https:\/\/www.ass-culturel-cugnaux.fr\/index.php\/wp-json\/wp\/v2\/pages\/86","targetHints":{"allow":["GET"]}}],"collection":[{"href":"https:\/\/www.ass-culturel-cugnaux.fr\/index.php\/wp-json\/wp\/v2\/pages"}],"about":[{"href":"https:\/\/www.ass-culturel-cugnaux.fr\/index.php\/wp-json\/wp\/v2\/types\/page"}],"author":[{"embeddable":true,"href":"https:\/\/www.ass-culturel-cugnaux.fr\/index.php\/wp-json\/wp\/v2\/users\/1"}],"replies":[{"embeddable":true,"href":"https:\/\/www.ass-culturel-cugnaux.fr\/index.php\/wp-json\/wp\/v2\/comments?post=86"}],"version-history":[{"count":1,"href":"https:\/\/www.ass-culturel-cugnaux.fr\/index.php\/wp-json\/wp\/v2\/pages\/86\/revisions"}],"predecessor-version":[{"id":87,"href":"https:\/\/www.ass-culturel-cugnaux.fr\/index.php\/wp-json\/wp\/v2\/pages\/86\/revisions\/87"}],"wp:attachment":[{"href":"https:\/\/www.ass-culturel-cugnaux.fr\/index.php\/wp-json\/wp\/v2\/media?parent=86"}],"curies":[{"name":"wp","href":"https:\/\/api.w.org\/{rel}","templated":true}]}}