{"id":88,"date":"2025-06-20T16:01:04","date_gmt":"2025-06-20T14:01:04","guid":{"rendered":"http:\/\/www.ass-culturel-cugnaux.fr\/?page_id=88"},"modified":"2025-06-21T17:49:32","modified_gmt":"2025-06-21T15:49:32","slug":"urania-31","status":"publish","type":"page","link":"https:\/\/www.ass-culturel-cugnaux.fr\/index.php\/urania-31\/","title":{"rendered":"URANIA 31"},"content":{"rendered":"\n<p><strong>OBJET:<\/strong> Apprendre \u00e0 se rep\u00e9rer dans le ciel, apprendre \u00e0 utiliser des instruments d\u2019observation, comprendre l\u2019univers, pratiquer l\u2019astrophotographie<\/p>\n\n\n\n<p><strong>PUBLIC CONCERN\u00c9:<\/strong> \u00c0 partir de 15 ans, mineur accompagn\u00e9 d\u2019un parent<\/p>\n\n\n\n<p><strong>\u00c9V\u00c9NEMENT:<\/strong> Nuit des \u00e9toiles au mois d\u2019ao\u00fbt, animation sur sollicitation<\/p>\n\n\n\n<p><strong>LIEU D\u2019ACTIVIT\u00c9:<\/strong> Salle Jean-Louis-Berlier : le vendredi<br>soir pour des ateliers, r\u00e9unions, rencontres. Observations sur des sites \u00e0 l\u2019ext\u00e9rieur de Cugnaux <\/p>\n\n\n\n<p><strong>INSCRIPTION:<\/strong> Toute l\u2019ann\u00e9e<\/p>\n\n\n\n<p><strong>TARIFS:<\/strong> Cotisation annuelle de 60\u20ac<\/p>\n\n\n\n<p><br><strong>CONTACT:<\/strong> Daniel Erpelding (responsable) <\/p>\n\n\n\n<p>T\u00c9L 09 52 01 12 92 \u2022 MAIL <a href=\"mailto:contact@urania31.fr\">contact@urania31.fr<\/a><br>SITE <a href=\"http:\/\/www.urania31.fr\" data-type=\"link\" data-id=\"www.urania31.fr\">www.urania31.fr<\/a><\/p>\n\n\n<p><iframe frameborder=\"0\" loading=\"lazy\" style=\"width:100%;\" height=\"260\" src=\"https:\/\/urania.forumactif.fr\/embed?h=192&amp;nbt=10&amp;d=8000&amp;name=Derni%C3%A8res+discussions+-+Forum+URANIA\"><\/iframe><\/p>\n","protected":false},"excerpt":{"rendered":"<p>OBJET: Apprendre \u00e0 se rep\u00e9rer dans le ciel, apprendre \u00e0 utiliser des instruments d\u2019observation, comprendre l\u2019univers, pratiquer l\u2019astrophotographie PUBLIC CONCERN\u00c9: \u00c0 partir de 15 ans, mineur accompagn\u00e9 d\u2019un parent \u00c9V\u00c9NEMENT: [&hellip;]<\/p>\n","protected":false},"author":1,"featured_media":0,"parent":0,"menu_order":0,"comment_status":"closed","ping_status":"closed","template":"","meta":{"footnotes":""},"class_list":["post-88","page","type-page","status-publish","hentry"],"yoast_head":"<!-- This site is optimized with the Yoast SEO plugin v26.6 - https:\/\/yoast.com\/wordpress\/plugins\/seo\/ -->\n<title>URANIA 31 - Association Culturelle de Cugnaux<\/title>\n<meta name=\"robots\" content=\"index, follow, max-snippet:-1, max-image-preview:large, max-video-preview:-1\" \/>\n<link rel=\"canonical\" href=\"http:\/\/www.ass-culturel-cugnaux.fr\/index.php\/urania-31\/\" \/>\n<meta property=\"og:locale\" content=\"en_US\" \/>\n<meta property=\"og:type\" content=\"article\" \/>\n<meta property=\"og:title\" content=\"URANIA 31 - Association Culturelle de Cugnaux\" \/>\n<meta property=\"og:description\" content=\"OBJET: Apprendre \u00e0 se rep\u00e9rer dans le ciel, apprendre \u00e0 utiliser des instruments d\u2019observation, comprendre l\u2019univers, pratiquer l\u2019astrophotographie PUBLIC CONCERN\u00c9: \u00c0 partir de 15 ans, mineur accompagn\u00e9 d\u2019un parent \u00c9V\u00c9NEMENT: [&hellip;]\" \/>\n<meta property=\"og:url\" content=\"http:\/\/www.ass-culturel-cugnaux.fr\/index.php\/urania-31\/\" \/>\n<meta property=\"og:site_name\" content=\"Association Culturelle de Cugnaux\" \/>\n<meta property=\"article:modified_time\" content=\"2025-06-21T15:49:32+00:00\" \/>\n<meta name=\"twitter:card\" content=\"summary_large_image\" \/>\n<script type=\"application\/ld+json\" class=\"yoast-schema-graph\">{\"@context\":\"https:\/\/schema.org\",\"@graph\":[{\"@type\":\"WebPage\",\"@id\":\"http:\/\/www.ass-culturel-cugnaux.fr\/index.php\/urania-31\/\",\"url\":\"http:\/\/www.ass-culturel-cugnaux.fr\/index.php\/urania-31\/\",\"name\":\"URANIA 31 - Association Culturelle de Cugnaux\",\"isPartOf\":{\"@id\":\"http:\/\/www.ass-culturel-cugnaux.fr\/#website\"},\"datePublished\":\"2025-06-20T14:01:04+00:00\",\"dateModified\":\"2025-06-21T15:49:32+00:00\",\"breadcrumb\":{\"@id\":\"http:\/\/www.ass-culturel-cugnaux.fr\/index.php\/urania-31\/#breadcrumb\"},\"inLanguage\":\"en-US\",\"potentialAction\":[{\"@type\":\"ReadAction\",\"target\":[\"http:\/\/www.ass-culturel-cugnaux.fr\/index.php\/urania-31\/\"]}]},{\"@type\":\"BreadcrumbList\",\"@id\":\"http:\/\/www.ass-culturel-cugnaux.fr\/index.php\/urania-31\/#breadcrumb\",\"itemListElement\":[{\"@type\":\"ListItem\",\"position\":1,\"name\":\"Accueil\",\"item\":\"http:\/\/www.ass-culturel-cugnaux.fr\/\"},{\"@type\":\"ListItem\",\"position\":2,\"name\":\"URANIA 31\"}]},{\"@type\":\"WebSite\",\"@id\":\"http:\/\/www.ass-culturel-cugnaux.fr\/#website\",\"url\":\"http:\/\/www.ass-culturel-cugnaux.fr\/\",\"name\":\"Association Culturelle de Cugnaux\",\"description\":\"\",\"publisher\":{\"@id\":\"http:\/\/www.ass-culturel-cugnaux.fr\/#organization\"},\"potentialAction\":[{\"@type\":\"SearchAction\",\"target\":{\"@type\":\"EntryPoint\",\"urlTemplate\":\"http:\/\/www.ass-culturel-cugnaux.fr\/?s={search_term_string}\"},\"query-input\":{\"@type\":\"PropertyValueSpecification\",\"valueRequired\":true,\"valueName\":\"search_term_string\"}}],\"inLanguage\":\"en-US\"},{\"@type\":\"Organization\",\"@id\":\"http:\/\/www.ass-culturel-cugnaux.fr\/#organization\",\"name\":\"Association Culturelle de Cugnaux\",\"url\":\"http:\/\/www.ass-culturel-cugnaux.fr\/\",\"logo\":{\"@type\":\"ImageObject\",\"inLanguage\":\"en-US\",\"@id\":\"http:\/\/www.ass-culturel-cugnaux.fr\/#\/schema\/logo\/image\/\",\"url\":\"https:\/\/www.ass-culturel-cugnaux.fr\/wp-content\/uploads\/2025\/06\/cropped-logo-association-culturelle-de-cugnaux-1683563492-1.jpg\",\"contentUrl\":\"https:\/\/www.ass-culturel-cugnaux.fr\/wp-content\/uploads\/2025\/06\/cropped-logo-association-culturelle-de-cugnaux-1683563492-1.jpg\",\"width\":688,\"height\":420,\"caption\":\"Association Culturelle de Cugnaux\"},\"image\":{\"@id\":\"http:\/\/www.ass-culturel-cugnaux.fr\/#\/schema\/logo\/image\/\"}}]}<\/script>\n<!-- \/ Yoast SEO plugin. -->","yoast_head_json":{"title":"URANIA 31 - Association Culturelle de Cugnaux","robots":{"index":"index","follow":"follow","max-snippet":"max-snippet:-1","max-image-preview":"max-image-preview:large","max-video-preview":"max-video-preview:-1"},"canonical":"http:\/\/www.ass-culturel-cugnaux.fr\/index.php\/urania-31\/","og_locale":"en_US","og_type":"article","og_title":"URANIA 31 - Association Culturelle de Cugnaux","og_description":"OBJET: Apprendre \u00e0 se rep\u00e9rer dans le ciel, apprendre \u00e0 utiliser des instruments d\u2019observation, comprendre l\u2019univers, pratiquer l\u2019astrophotographie PUBLIC CONCERN\u00c9: \u00c0 partir de 15 ans, mineur accompagn\u00e9 d\u2019un parent \u00c9V\u00c9NEMENT: [&hellip;]","og_url":"http:\/\/www.ass-culturel-cugnaux.fr\/index.php\/urania-31\/","og_site_name":"Association Culturelle de Cugnaux","article_modified_time":"2025-06-21T15:49:32+00:00","twitter_card":"summary_large_image","schema":{"@context":"https:\/\/schema.org","@graph":[{"@type":"WebPage","@id":"http:\/\/www.ass-culturel-cugnaux.fr\/index.php\/urania-31\/","url":"http:\/\/www.ass-culturel-cugnaux.fr\/index.php\/urania-31\/","name":"URANIA 31 - Association Culturelle de Cugnaux","isPartOf":{"@id":"http:\/\/www.ass-culturel-cugnaux.fr\/#website"},"datePublished":"2025-06-20T14:01:04+00:00","dateModified":"2025-06-21T15:49:32+00:00","breadcrumb":{"@id":"http:\/\/www.ass-culturel-cugnaux.fr\/index.php\/urania-31\/#breadcrumb"},"inLanguage":"en-US","potentialAction":[{"@type":"ReadAction","target":["http:\/\/www.ass-culturel-cugnaux.fr\/index.php\/urania-31\/"]}]},{"@type":"BreadcrumbList","@id":"http:\/\/www.ass-culturel-cugnaux.fr\/index.php\/urania-31\/#breadcrumb","itemListElement":[{"@type":"ListItem","position":1,"name":"Accueil","item":"http:\/\/www.ass-culturel-cugnaux.fr\/"},{"@type":"ListItem","position":2,"name":"URANIA 31"}]},{"@type":"WebSite","@id":"http:\/\/www.ass-culturel-cugnaux.fr\/#website","url":"http:\/\/www.ass-culturel-cugnaux.fr\/","name":"Association Culturelle de Cugnaux","description":"","publisher":{"@id":"http:\/\/www.ass-culturel-cugnaux.fr\/#organization"},"potentialAction":[{"@type":"SearchAction","target":{"@type":"EntryPoint","urlTemplate":"http:\/\/www.ass-culturel-cugnaux.fr\/?s={search_term_string}"},"query-input":{"@type":"PropertyValueSpecification","valueRequired":true,"valueName":"search_term_string"}}],"inLanguage":"en-US"},{"@type":"Organization","@id":"http:\/\/www.ass-culturel-cugnaux.fr\/#organization","name":"Association Culturelle de Cugnaux","url":"http:\/\/www.ass-culturel-cugnaux.fr\/","logo":{"@type":"ImageObject","inLanguage":"en-US","@id":"http:\/\/www.ass-culturel-cugnaux.fr\/#\/schema\/logo\/image\/","url":"https:\/\/www.ass-culturel-cugnaux.fr\/wp-content\/uploads\/2025\/06\/cropped-logo-association-culturelle-de-cugnaux-1683563492-1.jpg","contentUrl":"https:\/\/www.ass-culturel-cugnaux.fr\/wp-content\/uploads\/2025\/06\/cropped-logo-association-culturelle-de-cugnaux-1683563492-1.jpg","width":688,"height":420,"caption":"Association Culturelle de Cugnaux"},"image":{"@id":"http:\/\/www.ass-culturel-cugnaux.fr\/#\/schema\/logo\/image\/"}}]}},"_links":{"self":[{"href":"https:\/\/www.ass-culturel-cugnaux.fr\/index.php\/wp-json\/wp\/v2\/pages\/88","targetHints":{"allow":["GET"]}}],"collection":[{"href":"https:\/\/www.ass-culturel-cugnaux.fr\/index.php\/wp-json\/wp\/v2\/pages"}],"about":[{"href":"https:\/\/www.ass-culturel-cugnaux.fr\/index.php\/wp-json\/wp\/v2\/types\/page"}],"author":[{"embeddable":true,"href":"https:\/\/www.ass-culturel-cugnaux.fr\/index.php\/wp-json\/wp\/v2\/users\/1"}],"replies":[{"embeddable":true,"href":"https:\/\/www.ass-culturel-cugnaux.fr\/index.php\/wp-json\/wp\/v2\/comments?post=88"}],"version-history":[{"count":7,"href":"https:\/\/www.ass-culturel-cugnaux.fr\/index.php\/wp-json\/wp\/v2\/pages\/88\/revisions"}],"predecessor-version":[{"id":124,"href":"https:\/\/www.ass-culturel-cugnaux.fr\/index.php\/wp-json\/wp\/v2\/pages\/88\/revisions\/124"}],"wp:attachment":[{"href":"https:\/\/www.ass-culturel-cugnaux.fr\/index.php\/wp-json\/wp\/v2\/media?parent=88"}],"curies":[{"name":"wp","href":"https:\/\/api.w.org\/{rel}","templated":true}]}}