{"id":90,"date":"2025-06-20T16:03:06","date_gmt":"2025-06-20T14:03:06","guid":{"rendered":"http:\/\/www.ass-culturel-cugnaux.fr\/?page_id=90"},"modified":"2025-06-20T16:03:06","modified_gmt":"2025-06-20T14:03:06","slug":"yoga-du-rire","status":"publish","type":"page","link":"https:\/\/www.ass-culturel-cugnaux.fr\/index.php\/yoga-du-rire\/","title":{"rendered":"YOGA DU RIRE"},"content":{"rendered":"\n<p><strong>OBJET:<\/strong> Le rire est un acc\u00e9l\u00e9rateur de bonne humeur et d\u2019\u00e9tat d\u2019esprit positif. Une s\u00e9ance de yoga du rire en groupe combine des rires sans raison avec des respirations, de petits<br>jeux (comme les enfants) de l\u00e2cher prise entre participants, une m\u00e9ditation du rire au sol, une relaxation guid\u00e9e au sol et se termine par un moment de partage dans la joie.<br>Le yoga du rire, ou Hasya yoga, est un concept cr\u00e9\u00e9 par un m\u00e9decin indien, le Docteur Madan Kataria en 1995, et s\u2019est r\u00e9pandu depuis, dans plus de 100 pays dans le monde.<br>Son principe est bas\u00e9 sur le bien-\u00eatre physiologique et psychologique apport\u00e9 par le rire, qu\u2019il soit spontan\u00e9 (fou rire) ou stimul\u00e9. Citation: \u00ab Le rire, c\u2019est comme les essuie-glaces : \u00e7a n\u2019arr\u00eate pas la pluie, mais \u00e7a permet d\u2019avancer. \u00bb G\u00e9rard Jugnot<\/p>\n\n\n\n<p><strong>PUBLIC CONCERN\u00c9:<\/strong> Tout public<\/p>\n\n\n\n<p><strong>LIEU D\u2019ACTIVIT\u00c9:<\/strong> Salle du 1er \u00e9tage de la salle Albert-Camus &#8211; Cugnaux<\/p>\n\n\n\n<p><strong><br>PERMANENCE:<\/strong> Par mail ou par t\u00e9l\u00e9phone<\/p>\n\n\n\n<p><strong>INSCRIPTION:<\/strong> Au Forum des associations et par mail ou par t\u00e9l\u00e9phone<\/p>\n\n\n\n<p><strong>TARIFS: <\/strong>Pas de frais d\u2019adh\u00e9sion \u2013 contacter l\u2019association<br>CONTACT Martine Pavic (responsable) &#8211; T\u00c9L 06 40 34 62 34 MAIL <a href=\"mailto:martine.pavic@laposte.net\">martine.pavic@laposte.net<\/a><\/p>\n","protected":false},"excerpt":{"rendered":"<p>OBJET: Le rire est un acc\u00e9l\u00e9rateur de bonne humeur et d\u2019\u00e9tat d\u2019esprit positif. Une s\u00e9ance de yoga du rire en groupe combine des rires sans raison avec des respirations, de [&hellip;]<\/p>\n","protected":false},"author":1,"featured_media":0,"parent":0,"menu_order":0,"comment_status":"closed","ping_status":"closed","template":"","meta":{"footnotes":""},"class_list":["post-90","page","type-page","status-publish","hentry"],"yoast_head":"<!-- This site is optimized with the Yoast SEO plugin v26.6 - https:\/\/yoast.com\/wordpress\/plugins\/seo\/ -->\n<title>YOGA DU RIRE - Association Culturelle de Cugnaux<\/title>\n<meta name=\"robots\" content=\"index, follow, max-snippet:-1, max-image-preview:large, max-video-preview:-1\" \/>\n<link rel=\"canonical\" href=\"https:\/\/www.ass-culturel-cugnaux.fr\/index.php\/yoga-du-rire\/\" \/>\n<meta property=\"og:locale\" content=\"en_US\" \/>\n<meta property=\"og:type\" content=\"article\" \/>\n<meta property=\"og:title\" content=\"YOGA DU RIRE - Association Culturelle de Cugnaux\" \/>\n<meta property=\"og:description\" content=\"OBJET: Le rire est un acc\u00e9l\u00e9rateur de bonne humeur et d\u2019\u00e9tat d\u2019esprit positif. Une s\u00e9ance de yoga du rire en groupe combine des rires sans raison avec des respirations, de [&hellip;]\" \/>\n<meta property=\"og:url\" content=\"https:\/\/www.ass-culturel-cugnaux.fr\/index.php\/yoga-du-rire\/\" \/>\n<meta property=\"og:site_name\" content=\"Association Culturelle de Cugnaux\" \/>\n<meta name=\"twitter:card\" content=\"summary_large_image\" \/>\n<meta name=\"twitter:label1\" content=\"Est. reading time\" \/>\n\t<meta name=\"twitter:data1\" content=\"1 minute\" \/>\n<script type=\"application\/ld+json\" class=\"yoast-schema-graph\">{\"@context\":\"https:\/\/schema.org\",\"@graph\":[{\"@type\":\"WebPage\",\"@id\":\"https:\/\/www.ass-culturel-cugnaux.fr\/index.php\/yoga-du-rire\/\",\"url\":\"https:\/\/www.ass-culturel-cugnaux.fr\/index.php\/yoga-du-rire\/\",\"name\":\"YOGA DU RIRE - Association Culturelle de Cugnaux\",\"isPartOf\":{\"@id\":\"http:\/\/www.ass-culturel-cugnaux.fr\/#website\"},\"datePublished\":\"2025-06-20T14:03:06+00:00\",\"breadcrumb\":{\"@id\":\"https:\/\/www.ass-culturel-cugnaux.fr\/index.php\/yoga-du-rire\/#breadcrumb\"},\"inLanguage\":\"en-US\",\"potentialAction\":[{\"@type\":\"ReadAction\",\"target\":[\"https:\/\/www.ass-culturel-cugnaux.fr\/index.php\/yoga-du-rire\/\"]}]},{\"@type\":\"BreadcrumbList\",\"@id\":\"https:\/\/www.ass-culturel-cugnaux.fr\/index.php\/yoga-du-rire\/#breadcrumb\",\"itemListElement\":[{\"@type\":\"ListItem\",\"position\":1,\"name\":\"Accueil\",\"item\":\"http:\/\/www.ass-culturel-cugnaux.fr\/\"},{\"@type\":\"ListItem\",\"position\":2,\"name\":\"YOGA DU RIRE\"}]},{\"@type\":\"WebSite\",\"@id\":\"http:\/\/www.ass-culturel-cugnaux.fr\/#website\",\"url\":\"http:\/\/www.ass-culturel-cugnaux.fr\/\",\"name\":\"Association Culturelle de Cugnaux\",\"description\":\"\",\"publisher\":{\"@id\":\"http:\/\/www.ass-culturel-cugnaux.fr\/#organization\"},\"potentialAction\":[{\"@type\":\"SearchAction\",\"target\":{\"@type\":\"EntryPoint\",\"urlTemplate\":\"http:\/\/www.ass-culturel-cugnaux.fr\/?s={search_term_string}\"},\"query-input\":{\"@type\":\"PropertyValueSpecification\",\"valueRequired\":true,\"valueName\":\"search_term_string\"}}],\"inLanguage\":\"en-US\"},{\"@type\":\"Organization\",\"@id\":\"http:\/\/www.ass-culturel-cugnaux.fr\/#organization\",\"name\":\"Association Culturelle de Cugnaux\",\"url\":\"http:\/\/www.ass-culturel-cugnaux.fr\/\",\"logo\":{\"@type\":\"ImageObject\",\"inLanguage\":\"en-US\",\"@id\":\"http:\/\/www.ass-culturel-cugnaux.fr\/#\/schema\/logo\/image\/\",\"url\":\"https:\/\/www.ass-culturel-cugnaux.fr\/wp-content\/uploads\/2025\/06\/cropped-logo-association-culturelle-de-cugnaux-1683563492-1.jpg\",\"contentUrl\":\"https:\/\/www.ass-culturel-cugnaux.fr\/wp-content\/uploads\/2025\/06\/cropped-logo-association-culturelle-de-cugnaux-1683563492-1.jpg\",\"width\":688,\"height\":420,\"caption\":\"Association Culturelle de Cugnaux\"},\"image\":{\"@id\":\"http:\/\/www.ass-culturel-cugnaux.fr\/#\/schema\/logo\/image\/\"}}]}<\/script>\n<!-- \/ Yoast SEO plugin. -->","yoast_head_json":{"title":"YOGA DU RIRE - Association Culturelle de Cugnaux","robots":{"index":"index","follow":"follow","max-snippet":"max-snippet:-1","max-image-preview":"max-image-preview:large","max-video-preview":"max-video-preview:-1"},"canonical":"https:\/\/www.ass-culturel-cugnaux.fr\/index.php\/yoga-du-rire\/","og_locale":"en_US","og_type":"article","og_title":"YOGA DU RIRE - Association Culturelle de Cugnaux","og_description":"OBJET: Le rire est un acc\u00e9l\u00e9rateur de bonne humeur et d\u2019\u00e9tat d\u2019esprit positif. Une s\u00e9ance de yoga du rire en groupe combine des rires sans raison avec des respirations, de [&hellip;]","og_url":"https:\/\/www.ass-culturel-cugnaux.fr\/index.php\/yoga-du-rire\/","og_site_name":"Association Culturelle de Cugnaux","twitter_card":"summary_large_image","twitter_misc":{"Est. reading time":"1 minute"},"schema":{"@context":"https:\/\/schema.org","@graph":[{"@type":"WebPage","@id":"https:\/\/www.ass-culturel-cugnaux.fr\/index.php\/yoga-du-rire\/","url":"https:\/\/www.ass-culturel-cugnaux.fr\/index.php\/yoga-du-rire\/","name":"YOGA DU RIRE - Association Culturelle de Cugnaux","isPartOf":{"@id":"http:\/\/www.ass-culturel-cugnaux.fr\/#website"},"datePublished":"2025-06-20T14:03:06+00:00","breadcrumb":{"@id":"https:\/\/www.ass-culturel-cugnaux.fr\/index.php\/yoga-du-rire\/#breadcrumb"},"inLanguage":"en-US","potentialAction":[{"@type":"ReadAction","target":["https:\/\/www.ass-culturel-cugnaux.fr\/index.php\/yoga-du-rire\/"]}]},{"@type":"BreadcrumbList","@id":"https:\/\/www.ass-culturel-cugnaux.fr\/index.php\/yoga-du-rire\/#breadcrumb","itemListElement":[{"@type":"ListItem","position":1,"name":"Accueil","item":"http:\/\/www.ass-culturel-cugnaux.fr\/"},{"@type":"ListItem","position":2,"name":"YOGA DU RIRE"}]},{"@type":"WebSite","@id":"http:\/\/www.ass-culturel-cugnaux.fr\/#website","url":"http:\/\/www.ass-culturel-cugnaux.fr\/","name":"Association Culturelle de Cugnaux","description":"","publisher":{"@id":"http:\/\/www.ass-culturel-cugnaux.fr\/#organization"},"potentialAction":[{"@type":"SearchAction","target":{"@type":"EntryPoint","urlTemplate":"http:\/\/www.ass-culturel-cugnaux.fr\/?s={search_term_string}"},"query-input":{"@type":"PropertyValueSpecification","valueRequired":true,"valueName":"search_term_string"}}],"inLanguage":"en-US"},{"@type":"Organization","@id":"http:\/\/www.ass-culturel-cugnaux.fr\/#organization","name":"Association Culturelle de Cugnaux","url":"http:\/\/www.ass-culturel-cugnaux.fr\/","logo":{"@type":"ImageObject","inLanguage":"en-US","@id":"http:\/\/www.ass-culturel-cugnaux.fr\/#\/schema\/logo\/image\/","url":"https:\/\/www.ass-culturel-cugnaux.fr\/wp-content\/uploads\/2025\/06\/cropped-logo-association-culturelle-de-cugnaux-1683563492-1.jpg","contentUrl":"https:\/\/www.ass-culturel-cugnaux.fr\/wp-content\/uploads\/2025\/06\/cropped-logo-association-culturelle-de-cugnaux-1683563492-1.jpg","width":688,"height":420,"caption":"Association Culturelle de Cugnaux"},"image":{"@id":"http:\/\/www.ass-culturel-cugnaux.fr\/#\/schema\/logo\/image\/"}}]}},"_links":{"self":[{"href":"https:\/\/www.ass-culturel-cugnaux.fr\/index.php\/wp-json\/wp\/v2\/pages\/90","targetHints":{"allow":["GET"]}}],"collection":[{"href":"https:\/\/www.ass-culturel-cugnaux.fr\/index.php\/wp-json\/wp\/v2\/pages"}],"about":[{"href":"https:\/\/www.ass-culturel-cugnaux.fr\/index.php\/wp-json\/wp\/v2\/types\/page"}],"author":[{"embeddable":true,"href":"https:\/\/www.ass-culturel-cugnaux.fr\/index.php\/wp-json\/wp\/v2\/users\/1"}],"replies":[{"embeddable":true,"href":"https:\/\/www.ass-culturel-cugnaux.fr\/index.php\/wp-json\/wp\/v2\/comments?post=90"}],"version-history":[{"count":1,"href":"https:\/\/www.ass-culturel-cugnaux.fr\/index.php\/wp-json\/wp\/v2\/pages\/90\/revisions"}],"predecessor-version":[{"id":91,"href":"https:\/\/www.ass-culturel-cugnaux.fr\/index.php\/wp-json\/wp\/v2\/pages\/90\/revisions\/91"}],"wp:attachment":[{"href":"https:\/\/www.ass-culturel-cugnaux.fr\/index.php\/wp-json\/wp\/v2\/media?parent=90"}],"curies":[{"name":"wp","href":"https:\/\/api.w.org\/{rel}","templated":true}]}}